{"id":4660,"date":"2019-07-15T16:15:08","date_gmt":"2019-07-15T14:15:08","guid":{"rendered":"http:\/\/atas.devsrvr.net\/prodotto\/pavimax\/"},"modified":"2022-10-11T17:26:28","modified_gmt":"2022-10-11T15:26:28","slug":"pavimax","status":"publish","type":"product","link":"https:\/\/www.atassrl.it\/de\/produkt\/pavimax\/","title":{"rendered":"PAVIMAX"},"content":{"rendered":"<p style=\"font-weight: 400;\">Konzentriertes Produkt, formuliert mit Substanzen mit hoher Reinigungskraft, die eine energische Entfettungs- und Emulgierwirkung gegen organische und anorganische Verschmutzungen gew\u00e4hrleisten. Mit geringer Schaumkraft ist es f\u00fcr industrielle Bodenreinigungsmaschinen geeignet. Es hinterl\u00e4sst keine Streifen, es kann auf Beton-, Linoleum- und Keramikb\u00f6den verwendet werden. Es beseitigt auch Gummir\u00fcckst\u00e4nde.<\/p>\n","protected":false},"excerpt":{"rendered":"<div><span lang=\"DE\">REINIGUNGSMITTEL F\u00dcR BODENREINIGUNGSMASCHINEN<\/span><\/div>\n","protected":false},"featured_media":4128,"template":"","meta":{"_acf_changed":false,"_seopress_robots_primary_cat":"","_seopress_titles_title":"","_seopress_titles_desc":"","_seopress_robots_index":"","_seopress_analysis_target_kw":""},"product_brand":[],"product_cat":[316,274],"product_tag":[],"class_list":{"0":"post-4660","1":"product","2":"type-product","3":"status-publish","4":"has-post-thumbnail","6":"product_cat-bodenwaschmittel","7":"product_cat-linea-atasdet-de","9":"first","10":"instock","11":"shipping-taxable","12":"product-type-variable"},"acf":[],"_links":{"self":[{"href":"https:\/\/www.atassrl.it\/de\/wp-json\/wp\/v2\/product\/4660","targetHints":{"allow":["GET"]}}],"collection":[{"href":"https:\/\/www.atassrl.it\/de\/wp-json\/wp\/v2\/product"}],"about":[{"href":"https:\/\/www.atassrl.it\/de\/wp-json\/wp\/v2\/types\/product"}],"wp:featuredmedia":[{"embeddable":true,"href":"https:\/\/www.atassrl.it\/de\/wp-json\/wp\/v2\/media\/4128"}],"wp:attachment":[{"href":"https:\/\/www.atassrl.it\/de\/wp-json\/wp\/v2\/media?parent=4660"}],"wp:term":[{"taxonomy":"product_brand","embeddable":true,"href":"https:\/\/www.atassrl.it\/de\/wp-json\/wp\/v2\/product_brand?post=4660"},{"taxonomy":"product_cat","embeddable":true,"href":"https:\/\/www.atassrl.it\/de\/wp-json\/wp\/v2\/product_cat?post=4660"},{"taxonomy":"product_tag","embeddable":true,"href":"https:\/\/www.atassrl.it\/de\/wp-json\/wp\/v2\/product_tag?post=4660"}],"curies":[{"name":"wp","href":"https:\/\/api.w.org\/{rel}","templated":true}]}}