{"id":4666,"date":"2019-07-15T16:20:48","date_gmt":"2019-07-15T14:20:48","guid":{"rendered":"http:\/\/atas.devsrvr.net\/prodotto\/divor-2000\/"},"modified":"2022-10-11T17:30:32","modified_gmt":"2022-10-11T15:30:32","slug":"divor-2000","status":"publish","type":"product","link":"https:\/\/www.atassrl.it\/de\/produkt\/divor-2000\/","title":{"rendered":"DIVOR 2000"},"content":{"rendered":"<p style=\"font-weight: 400;\">Hochkonzentriertes Produkt zum Entfernen von starken Kalkablagerungen, Eisenspuren, \u00d6l und Fett von Glas, Edelstahl und verchromten Oberfl\u00e4chen. Es kann als Erstbehandlung in Eisenbahnwaggons zur Entfernung von Eisenr\u00fcckst\u00e4nden, zur Beseitigung von Zementresten auf Fu\u00dfb\u00f6den sowie zur Reinigung von Sanit\u00e4rkeramik, Badewannen, Waschbecken und Fliesen verwendet werden.<\/p>\n","protected":false},"excerpt":{"rendered":"<div><span lang=\"DE\">SAURES WASCHMITTEL<\/span><\/div>\n","protected":false},"featured_media":4046,"template":"","meta":{"_acf_changed":false,"_seopress_robots_primary_cat":"","_seopress_titles_title":"","_seopress_titles_desc":"","_seopress_robots_index":"","_seopress_analysis_target_kw":""},"product_brand":[],"product_cat":[316,274],"product_tag":[],"class_list":{"0":"post-4666","1":"product","2":"type-product","3":"status-publish","4":"has-post-thumbnail","6":"product_cat-bodenwaschmittel","7":"product_cat-linea-atasdet-de","9":"first","10":"instock","11":"shipping-taxable","12":"product-type-variable"},"acf":[],"_links":{"self":[{"href":"https:\/\/www.atassrl.it\/de\/wp-json\/wp\/v2\/product\/4666","targetHints":{"allow":["GET"]}}],"collection":[{"href":"https:\/\/www.atassrl.it\/de\/wp-json\/wp\/v2\/product"}],"about":[{"href":"https:\/\/www.atassrl.it\/de\/wp-json\/wp\/v2\/types\/product"}],"wp:featuredmedia":[{"embeddable":true,"href":"https:\/\/www.atassrl.it\/de\/wp-json\/wp\/v2\/media\/4046"}],"wp:attachment":[{"href":"https:\/\/www.atassrl.it\/de\/wp-json\/wp\/v2\/media?parent=4666"}],"wp:term":[{"taxonomy":"product_brand","embeddable":true,"href":"https:\/\/www.atassrl.it\/de\/wp-json\/wp\/v2\/product_brand?post=4666"},{"taxonomy":"product_cat","embeddable":true,"href":"https:\/\/www.atassrl.it\/de\/wp-json\/wp\/v2\/product_cat?post=4666"},{"taxonomy":"product_tag","embeddable":true,"href":"https:\/\/www.atassrl.it\/de\/wp-json\/wp\/v2\/product_tag?post=4666"}],"curies":[{"name":"wp","href":"https:\/\/api.w.org\/{rel}","templated":true}]}}