{"id":4669,"date":"2019-07-15T16:26:00","date_gmt":"2019-07-15T14:26:00","guid":{"rendered":"http:\/\/atas.devsrvr.net\/prodotto\/tunnel-rl\/"},"modified":"2022-10-11T17:34:12","modified_gmt":"2022-10-11T15:34:12","slug":"tunnel-rl","status":"publish","type":"product","link":"https:\/\/www.atassrl.it\/de\/produkt\/tunnel-rl\/","title":{"rendered":"TUNNEL RL"},"content":{"rendered":"<p style=\"font-weight: 400;\">Alkalisches Produkt, geeignet f\u00fcr normale Reinigungsarbeiten an Autobahnplatten, L\u00e4rmschutzw\u00e4nden, Leitplanken und Tunneln. Wirksam gegen Smog, Schmutz, Bremsstaub und allgemein fettige R\u00fcckst\u00e4nde. Mit Wasser verd\u00fcnnen und mit geeignetem Ger\u00e4t unter hohem Druck (20\/50 bar) auftragen.<\/p>\n","protected":false},"excerpt":{"rendered":"<div><span lang=\"DE\">KONZENTRIERTER TUNNELLEINIGER<\/span><\/div>\n","protected":false},"featured_media":4169,"template":"","meta":{"_acf_changed":false,"_seopress_robots_primary_cat":"","_seopress_titles_title":"","_seopress_titles_desc":"","_seopress_robots_index":"","_seopress_analysis_target_kw":""},"product_brand":[],"product_cat":[274,308],"product_tag":[],"class_list":{"0":"post-4669","1":"product","2":"type-product","3":"status-publish","4":"has-post-thumbnail","6":"product_cat-linea-atasdet-de","7":"product_cat-tunnelwaschmittel","9":"first","10":"instock","11":"shipping-taxable","12":"product-type-variable"},"acf":[],"_links":{"self":[{"href":"https:\/\/www.atassrl.it\/de\/wp-json\/wp\/v2\/product\/4669","targetHints":{"allow":["GET"]}}],"collection":[{"href":"https:\/\/www.atassrl.it\/de\/wp-json\/wp\/v2\/product"}],"about":[{"href":"https:\/\/www.atassrl.it\/de\/wp-json\/wp\/v2\/types\/product"}],"wp:featuredmedia":[{"embeddable":true,"href":"https:\/\/www.atassrl.it\/de\/wp-json\/wp\/v2\/media\/4169"}],"wp:attachment":[{"href":"https:\/\/www.atassrl.it\/de\/wp-json\/wp\/v2\/media?parent=4669"}],"wp:term":[{"taxonomy":"product_brand","embeddable":true,"href":"https:\/\/www.atassrl.it\/de\/wp-json\/wp\/v2\/product_brand?post=4669"},{"taxonomy":"product_cat","embeddable":true,"href":"https:\/\/www.atassrl.it\/de\/wp-json\/wp\/v2\/product_cat?post=4669"},{"taxonomy":"product_tag","embeddable":true,"href":"https:\/\/www.atassrl.it\/de\/wp-json\/wp\/v2\/product_tag?post=4669"}],"curies":[{"name":"wp","href":"https:\/\/api.w.org\/{rel}","templated":true}]}}