{"id":4673,"date":"2019-07-15T16:29:34","date_gmt":"2019-07-15T14:29:34","guid":{"rendered":"http:\/\/atas.devsrvr.net\/prodotto\/tunnel-vs\/"},"modified":"2022-10-11T17:36:42","modified_gmt":"2022-10-11T15:36:42","slug":"tunnel-vs","status":"publish","type":"product","link":"https:\/\/www.atassrl.it\/de\/produkt\/tunnel-vs\/","title":{"rendered":"TUNNEL VS"},"content":{"rendered":"<p style=\"font-weight: 400;\">Hochalkalisches Reinigungsmittel zum Entfernen besonders hartn\u00e4ckiger Verschmutzungen von Paneelen und W\u00e4nden. Es wirkt gr\u00fcndlich auf fettige R\u00fcckst\u00e4nde, Smog, Erde, Salzverkrustungen usw. Wirksam auch bei besonders kalkhaltigen W\u00e4ssern. Mit Wasser verd\u00fcnnen, mit hohem Druck (20\/50 bar) auftragen, einige Minuten einwirken lassen und dann mit einer geeigneten Rolle b\u00fcrsten, um eine maximale Wirkung zu erzielen.<\/p>\n","protected":false},"excerpt":{"rendered":"<div><span lang=\"DE\">REINIGUNGSMITTEL F\u00dcR TUNNEL UND BESONDERE EINGRIFFE<\/span><\/div>\n","protected":false},"featured_media":4170,"template":"","meta":{"_acf_changed":false,"_seopress_robots_primary_cat":"","_seopress_titles_title":"","_seopress_titles_desc":"","_seopress_robots_index":"","_seopress_analysis_target_kw":""},"product_brand":[],"product_cat":[274,308],"product_tag":[],"class_list":{"0":"post-4673","1":"product","2":"type-product","3":"status-publish","4":"has-post-thumbnail","6":"product_cat-linea-atasdet-de","7":"product_cat-tunnelwaschmittel","9":"first","10":"instock","11":"shipping-taxable","12":"product-type-variable"},"acf":[],"_links":{"self":[{"href":"https:\/\/www.atassrl.it\/de\/wp-json\/wp\/v2\/product\/4673","targetHints":{"allow":["GET"]}}],"collection":[{"href":"https:\/\/www.atassrl.it\/de\/wp-json\/wp\/v2\/product"}],"about":[{"href":"https:\/\/www.atassrl.it\/de\/wp-json\/wp\/v2\/types\/product"}],"wp:featuredmedia":[{"embeddable":true,"href":"https:\/\/www.atassrl.it\/de\/wp-json\/wp\/v2\/media\/4170"}],"wp:attachment":[{"href":"https:\/\/www.atassrl.it\/de\/wp-json\/wp\/v2\/media?parent=4673"}],"wp:term":[{"taxonomy":"product_brand","embeddable":true,"href":"https:\/\/www.atassrl.it\/de\/wp-json\/wp\/v2\/product_brand?post=4673"},{"taxonomy":"product_cat","embeddable":true,"href":"https:\/\/www.atassrl.it\/de\/wp-json\/wp\/v2\/product_cat?post=4673"},{"taxonomy":"product_tag","embeddable":true,"href":"https:\/\/www.atassrl.it\/de\/wp-json\/wp\/v2\/product_tag?post=4673"}],"curies":[{"name":"wp","href":"https:\/\/api.w.org\/{rel}","templated":true}]}}