{"id":4677,"date":"2019-07-15T16:31:53","date_gmt":"2019-07-15T14:31:53","guid":{"rendered":"http:\/\/atas.devsrvr.net\/prodotto\/tunnel-nr\/"},"modified":"2022-10-11T17:40:12","modified_gmt":"2022-10-11T15:40:12","slug":"tunnel-nr","status":"publish","type":"product","link":"https:\/\/www.atassrl.it\/de\/produkt\/tunnel-nr\/","title":{"rendered":"TUNNEL NR"},"content":{"rendered":"<p style=\"font-weight: 400;\">Alkalische Formulierung mit hoher spezifischer Konzentration f\u00fcr au\u00dfergew\u00f6hnliche Reinigung. Es entfernt alte Verkrustungen von Smog und Ru\u00df. Dank seiner hohen Benetzungs- und Durchdringungskraft l\u00f6st es m\u00fchelos Schmutz und gibt den Oberfl\u00e4chen ihren urspr\u00fcnglichen Zustand zur\u00fcck. Es greift keine Oberfl\u00e4chenbehandlungen an.<\/p>\n","protected":false},"excerpt":{"rendered":"<div><span lang=\"DE\">REINIGER F\u00dcR TUNNEL (RESTFLECKEN)<\/span><\/div>\n","protected":false},"featured_media":7668,"template":"","meta":{"_acf_changed":false,"_seopress_robots_primary_cat":"","_seopress_titles_title":"","_seopress_titles_desc":"","_seopress_robots_index":"","_seopress_analysis_target_kw":""},"product_brand":[],"product_cat":[274,308],"product_tag":[],"class_list":{"0":"post-4677","1":"product","2":"type-product","3":"status-publish","4":"has-post-thumbnail","6":"product_cat-linea-atasdet-de","7":"product_cat-tunnelwaschmittel","9":"first","10":"instock","11":"shipping-taxable","12":"product-type-variable"},"acf":[],"_links":{"self":[{"href":"https:\/\/www.atassrl.it\/de\/wp-json\/wp\/v2\/product\/4677","targetHints":{"allow":["GET"]}}],"collection":[{"href":"https:\/\/www.atassrl.it\/de\/wp-json\/wp\/v2\/product"}],"about":[{"href":"https:\/\/www.atassrl.it\/de\/wp-json\/wp\/v2\/types\/product"}],"wp:featuredmedia":[{"embeddable":true,"href":"https:\/\/www.atassrl.it\/de\/wp-json\/wp\/v2\/media\/7668"}],"wp:attachment":[{"href":"https:\/\/www.atassrl.it\/de\/wp-json\/wp\/v2\/media?parent=4677"}],"wp:term":[{"taxonomy":"product_brand","embeddable":true,"href":"https:\/\/www.atassrl.it\/de\/wp-json\/wp\/v2\/product_brand?post=4677"},{"taxonomy":"product_cat","embeddable":true,"href":"https:\/\/www.atassrl.it\/de\/wp-json\/wp\/v2\/product_cat?post=4677"},{"taxonomy":"product_tag","embeddable":true,"href":"https:\/\/www.atassrl.it\/de\/wp-json\/wp\/v2\/product_tag?post=4677"}],"curies":[{"name":"wp","href":"https:\/\/api.w.org\/{rel}","templated":true}]}}