{"id":4680,"date":"2019-07-15T16:35:59","date_gmt":"2019-07-15T14:35:59","guid":{"rendered":"http:\/\/atas.devsrvr.net\/prodotto\/vandal\/"},"modified":"2022-10-11T18:09:02","modified_gmt":"2022-10-11T16:09:02","slug":"vandal","status":"publish","type":"product","link":"https:\/\/www.atassrl.it\/de\/produkt\/vandal\/","title":{"rendered":"VANDAL"},"content":{"rendered":"<p style=\"font-weight: 400;\">L\u00f6semittelhaltiges Produkt zum Entfernen von mit Acrylfarben hergestellten Schriftz\u00fcgen und Graffitis von Glas-, Kunststoff-, Plexiglas- oder Methacrylatoberfl\u00e4chen. Anwendung auf lackierten Teilen vermeiden. Als Spray zu verwenden. Pr\u00fcfen Sie vor der Anwendung die Vertr\u00e4glichkeit mit der zu behandelnden Oberfl\u00e4che.<\/p>\n","protected":false},"excerpt":{"rendered":"<div><span lang=\"DE\">ENTFERNER VON VANDALSCHRIFTEN<\/span><\/div>\n","protected":false},"featured_media":7640,"template":"","meta":{"_acf_changed":false,"_seopress_robots_primary_cat":"","_seopress_titles_title":"","_seopress_titles_desc":"","_seopress_robots_index":"","_seopress_analysis_target_kw":""},"product_brand":[],"product_cat":[274,312],"product_tag":[],"class_list":{"0":"post-4680","1":"product","2":"type-product","3":"status-publish","4":"has-post-thumbnail","6":"product_cat-linea-atasdet-de","7":"product_cat-waschmittel-fuer-strassenplatten","9":"first","10":"instock","11":"shipping-taxable","12":"product-type-variable"},"acf":[],"_links":{"self":[{"href":"https:\/\/www.atassrl.it\/de\/wp-json\/wp\/v2\/product\/4680","targetHints":{"allow":["GET"]}}],"collection":[{"href":"https:\/\/www.atassrl.it\/de\/wp-json\/wp\/v2\/product"}],"about":[{"href":"https:\/\/www.atassrl.it\/de\/wp-json\/wp\/v2\/types\/product"}],"wp:featuredmedia":[{"embeddable":true,"href":"https:\/\/www.atassrl.it\/de\/wp-json\/wp\/v2\/media\/7640"}],"wp:attachment":[{"href":"https:\/\/www.atassrl.it\/de\/wp-json\/wp\/v2\/media?parent=4680"}],"wp:term":[{"taxonomy":"product_brand","embeddable":true,"href":"https:\/\/www.atassrl.it\/de\/wp-json\/wp\/v2\/product_brand?post=4680"},{"taxonomy":"product_cat","embeddable":true,"href":"https:\/\/www.atassrl.it\/de\/wp-json\/wp\/v2\/product_cat?post=4680"},{"taxonomy":"product_tag","embeddable":true,"href":"https:\/\/www.atassrl.it\/de\/wp-json\/wp\/v2\/product_tag?post=4680"}],"curies":[{"name":"wp","href":"https:\/\/api.w.org\/{rel}","templated":true}]}}