{"id":4683,"date":"2019-07-15T16:38:24","date_gmt":"2019-07-15T14:38:24","guid":{"rendered":"http:\/\/atas.devsrvr.net\/prodotto\/bannet\/"},"modified":"2022-10-11T18:11:06","modified_gmt":"2022-10-11T16:11:06","slug":"bannet","status":"publish","type":"product","link":"https:\/\/www.atassrl.it\/de\/produkt\/bannet\/","title":{"rendered":"BANNET"},"content":{"rendered":"<div><span lang=\"DE\">Verbindung mit saurem pH-Wert, speziell formuliert f\u00fcr die Reinigung von Autobahnplatten und L\u00e4rmschutzw\u00e4nden. Es entfernt effektiv Schmutz, Smog, Fett- und Salzr\u00fcckst\u00e4nde. Mit Wasser verd\u00fcnnen<\/span><\/div>\n<p class=\"p1\">.<\/p>\n","protected":false},"excerpt":{"rendered":"<div><span lang=\"DE\">ENTFETTER F\u00dcR AUTOBAHNBLECHE<\/span><\/div>\n","protected":false},"featured_media":7643,"template":"","meta":{"_acf_changed":false,"_seopress_robots_primary_cat":"","_seopress_titles_title":"","_seopress_titles_desc":"","_seopress_robots_index":"","_seopress_analysis_target_kw":""},"product_brand":[],"product_cat":[274,312],"product_tag":[],"class_list":{"0":"post-4683","1":"product","2":"type-product","3":"status-publish","4":"has-post-thumbnail","6":"product_cat-linea-atasdet-de","7":"product_cat-waschmittel-fuer-strassenplatten","9":"first","10":"instock","11":"shipping-taxable","12":"product-type-variable"},"acf":[],"_links":{"self":[{"href":"https:\/\/www.atassrl.it\/de\/wp-json\/wp\/v2\/product\/4683","targetHints":{"allow":["GET"]}}],"collection":[{"href":"https:\/\/www.atassrl.it\/de\/wp-json\/wp\/v2\/product"}],"about":[{"href":"https:\/\/www.atassrl.it\/de\/wp-json\/wp\/v2\/types\/product"}],"wp:featuredmedia":[{"embeddable":true,"href":"https:\/\/www.atassrl.it\/de\/wp-json\/wp\/v2\/media\/7643"}],"wp:attachment":[{"href":"https:\/\/www.atassrl.it\/de\/wp-json\/wp\/v2\/media?parent=4683"}],"wp:term":[{"taxonomy":"product_brand","embeddable":true,"href":"https:\/\/www.atassrl.it\/de\/wp-json\/wp\/v2\/product_brand?post=4683"},{"taxonomy":"product_cat","embeddable":true,"href":"https:\/\/www.atassrl.it\/de\/wp-json\/wp\/v2\/product_cat?post=4683"},{"taxonomy":"product_tag","embeddable":true,"href":"https:\/\/www.atassrl.it\/de\/wp-json\/wp\/v2\/product_tag?post=4683"}],"curies":[{"name":"wp","href":"https:\/\/api.w.org\/{rel}","templated":true}]}}