{"id":4686,"date":"2019-07-15T16:40:46","date_gmt":"2019-07-15T14:40:46","guid":{"rendered":"http:\/\/atas.devsrvr.net\/prodotto\/vencal\/"},"modified":"2022-10-11T18:13:33","modified_gmt":"2022-10-11T16:13:33","slug":"vencal","status":"publish","type":"product","link":"https:\/\/www.atassrl.it\/de\/produkt\/vencal\/","title":{"rendered":"VENCAL"},"content":{"rendered":"<p style=\"font-weight: 400;\">Spezialadditiv mit hoher Sequestrierkraft zur Reduzierung der Wasserh\u00e4rte, empfohlen in der Sp\u00fclphase bei Tunnel- und Tunnelreinigungsarbeiten, da es die Bildung von wei\u00dfen Flecken durch Ablagerung von unl\u00f6slichen Calcium- und Magnesiumsalzen vermeidet. Die Dosis von 4 gr \/ lt reduziert die H\u00e4rte um 1 \u00b0 F.<\/p>\n","protected":false},"excerpt":{"rendered":"<div><span lang=\"DE\">ENTKALKUNGSMITTEL<\/span><\/div>\n","protected":false},"featured_media":4177,"template":"","meta":{"_acf_changed":false,"_seopress_robots_primary_cat":"","_seopress_titles_title":"","_seopress_titles_desc":"","_seopress_robots_index":"","_seopress_analysis_target_kw":""},"product_brand":[],"product_cat":[274,312],"product_tag":[],"class_list":{"0":"post-4686","1":"product","2":"type-product","3":"status-publish","4":"has-post-thumbnail","6":"product_cat-linea-atasdet-de","7":"product_cat-waschmittel-fuer-strassenplatten","9":"first","10":"instock","11":"shipping-taxable","12":"product-type-variable"},"acf":[],"_links":{"self":[{"href":"https:\/\/www.atassrl.it\/de\/wp-json\/wp\/v2\/product\/4686","targetHints":{"allow":["GET"]}}],"collection":[{"href":"https:\/\/www.atassrl.it\/de\/wp-json\/wp\/v2\/product"}],"about":[{"href":"https:\/\/www.atassrl.it\/de\/wp-json\/wp\/v2\/types\/product"}],"wp:featuredmedia":[{"embeddable":true,"href":"https:\/\/www.atassrl.it\/de\/wp-json\/wp\/v2\/media\/4177"}],"wp:attachment":[{"href":"https:\/\/www.atassrl.it\/de\/wp-json\/wp\/v2\/media?parent=4686"}],"wp:term":[{"taxonomy":"product_brand","embeddable":true,"href":"https:\/\/www.atassrl.it\/de\/wp-json\/wp\/v2\/product_brand?post=4686"},{"taxonomy":"product_cat","embeddable":true,"href":"https:\/\/www.atassrl.it\/de\/wp-json\/wp\/v2\/product_cat?post=4686"},{"taxonomy":"product_tag","embeddable":true,"href":"https:\/\/www.atassrl.it\/de\/wp-json\/wp\/v2\/product_tag?post=4686"}],"curies":[{"name":"wp","href":"https:\/\/api.w.org\/{rel}","templated":true}]}}