{"id":5212,"date":"2019-12-06T15:00:10","date_gmt":"2019-12-06T14:00:10","guid":{"rendered":"http:\/\/atas.devsrvr.net\/prodotto\/tre-p\/"},"modified":"2022-06-24T11:42:55","modified_gmt":"2022-06-24T09:42:55","slug":"tre-p","status":"publish","type":"product","link":"https:\/\/www.atassrl.it\/de\/produkt\/tre-p\/","title":{"rendered":"TRE- P"},"content":{"rendered":"<p>Produkt, das eine dreifache Funktion erf\u00fcllen kann: den Reifen auffrischen, polieren und sch\u00fctzen, ihm sein urspr\u00fcngliches Aussehen zur\u00fcckgeben und die Bildung von Rissen vermeiden. Es trocknet schnell, ohne zu fetten oder zu verschmutzen.<\/p>\n","protected":false},"excerpt":{"rendered":"<p>MULTIFUNKTIONALE BEHANDLUNG F\u00dcR REIFEN<\/p>\n","protected":false},"featured_media":8117,"template":"","meta":{"_acf_changed":false,"_seopress_robots_primary_cat":"","_seopress_titles_title":"","_seopress_titles_desc":"","_seopress_robots_index":"","_seopress_analysis_target_kw":""},"product_brand":[],"product_cat":[185,729],"product_tag":[871],"class_list":{"0":"post-5212","1":"product","2":"type-product","3":"status-publish","4":"has-post-thumbnail","6":"product_cat-linea-atascar-de","7":"product_cat-reifen-und-rader","8":"product_tag-reifen-und-felgen","10":"first","11":"instock","12":"shipping-taxable","13":"product-type-simple"},"acf":[],"_links":{"self":[{"href":"https:\/\/www.atassrl.it\/de\/wp-json\/wp\/v2\/product\/5212","targetHints":{"allow":["GET"]}}],"collection":[{"href":"https:\/\/www.atassrl.it\/de\/wp-json\/wp\/v2\/product"}],"about":[{"href":"https:\/\/www.atassrl.it\/de\/wp-json\/wp\/v2\/types\/product"}],"wp:featuredmedia":[{"embeddable":true,"href":"https:\/\/www.atassrl.it\/de\/wp-json\/wp\/v2\/media\/8117"}],"wp:attachment":[{"href":"https:\/\/www.atassrl.it\/de\/wp-json\/wp\/v2\/media?parent=5212"}],"wp:term":[{"taxonomy":"product_brand","embeddable":true,"href":"https:\/\/www.atassrl.it\/de\/wp-json\/wp\/v2\/product_brand?post=5212"},{"taxonomy":"product_cat","embeddable":true,"href":"https:\/\/www.atassrl.it\/de\/wp-json\/wp\/v2\/product_cat?post=5212"},{"taxonomy":"product_tag","embeddable":true,"href":"https:\/\/www.atassrl.it\/de\/wp-json\/wp\/v2\/product_tag?post=5212"}],"curies":[{"name":"wp","href":"https:\/\/api.w.org\/{rel}","templated":true}]}}