{"id":7812,"date":"2020-03-25T18:14:03","date_gmt":"2020-03-25T17:14:03","guid":{"rendered":"https:\/\/www.atassrl.it\/prodotto\/valsan\/"},"modified":"2020-03-25T18:14:03","modified_gmt":"2020-03-25T17:14:03","slug":"valsan","status":"publish","type":"product","link":"https:\/\/www.atassrl.it\/de\/produkt\/valsan\/","title":{"rendered":"VALSAN"},"content":{"rendered":"<p>Hochwirksames Produkt auf Alkoholbasis (\u00fcber 65%), geeignet f\u00fcr die Hygiene von Ger\u00e4ten, Arbeitsplatten, K\u00fchl- und K\u00fchlr\u00e4umen sowie allen Oberfl\u00e4chen, die mit Lebensmitteln in Kontakt kommen. Geeignet f\u00fcr den Gemeinde- und Restaurantsektor, Lebensmittel, Milchprodukte, Schlachth\u00f6fe, Feinkostgesch\u00e4fte usw. Kann in Umgebungen verwendet werden, die einer HACCP-Kontrolle unterliegen.<\/p>\n","protected":false},"excerpt":{"rendered":"<p>SANITIZING ALKOHOLIC LIQUID<\/p>\n","protected":false},"featured_media":7797,"template":"","meta":{"_acf_changed":false,"_seopress_robots_primary_cat":"","_seopress_titles_title":"","_seopress_titles_desc":"","_seopress_robots_index":"","_seopress_analysis_target_kw":""},"product_brand":[],"product_cat":[251],"product_tag":[],"class_list":{"0":"post-7812","1":"product","2":"type-product","3":"status-publish","4":"has-post-thumbnail","6":"product_cat-hygienisierende-mittel","8":"first","9":"instock","10":"shipping-taxable","11":"product-type-simple"},"acf":[],"_links":{"self":[{"href":"https:\/\/www.atassrl.it\/de\/wp-json\/wp\/v2\/product\/7812","targetHints":{"allow":["GET"]}}],"collection":[{"href":"https:\/\/www.atassrl.it\/de\/wp-json\/wp\/v2\/product"}],"about":[{"href":"https:\/\/www.atassrl.it\/de\/wp-json\/wp\/v2\/types\/product"}],"wp:featuredmedia":[{"embeddable":true,"href":"https:\/\/www.atassrl.it\/de\/wp-json\/wp\/v2\/media\/7797"}],"wp:attachment":[{"href":"https:\/\/www.atassrl.it\/de\/wp-json\/wp\/v2\/media?parent=7812"}],"wp:term":[{"taxonomy":"product_brand","embeddable":true,"href":"https:\/\/www.atassrl.it\/de\/wp-json\/wp\/v2\/product_brand?post=7812"},{"taxonomy":"product_cat","embeddable":true,"href":"https:\/\/www.atassrl.it\/de\/wp-json\/wp\/v2\/product_cat?post=7812"},{"taxonomy":"product_tag","embeddable":true,"href":"https:\/\/www.atassrl.it\/de\/wp-json\/wp\/v2\/product_tag?post=7812"}],"curies":[{"name":"wp","href":"https:\/\/api.w.org\/{rel}","templated":true}]}}