{"id":7913,"date":"2020-05-14T15:36:54","date_gmt":"2020-05-14T13:36:54","guid":{"rendered":"https:\/\/www.atassrl.it\/prodotto\/ig-20\/"},"modified":"2022-08-03T16:06:35","modified_gmt":"2022-08-03T14:06:35","slug":"ig-20","status":"publish","type":"product","link":"https:\/\/www.atassrl.it\/de\/produkt\/ig-20\/","title":{"rendered":"IG 20"},"content":{"rendered":"<p style=\"font-weight: 400;\">Produkt mit breitem Einsatzspektrum f\u00fcr Reinigungs- und Desinfektionsarbeiten. Mit einem hohen Alkoholgehalt eignet es sich f\u00fcr die Behandlung aller Innenr\u00e4ume von Autos, Bussen, Einsatzfahrzeugen, aber auch f\u00fcr Umgebungen, Arbeitstische, T\u00fcren, Tore, Fenster, Schalter, Drucktastenfelder, Aufzugsinnenr\u00e4ume und B\u00fcroger\u00e4te.<\/p>\n","protected":false},"excerpt":{"rendered":"<div><span lang=\"DE\">ALKOHOLISCHES DESINFEKTIONSMITTEL<\/span><\/div>\n","protected":false},"featured_media":7925,"template":"","meta":{"_acf_changed":false,"_seopress_robots_primary_cat":"","_seopress_titles_title":"","_seopress_titles_desc":"","_seopress_robots_index":"","_seopress_analysis_target_kw":""},"product_brand":[],"product_cat":[251],"product_tag":[883,887],"class_list":{"0":"post-7913","1":"product","2":"type-product","3":"status-publish","4":"has-post-thumbnail","6":"product_cat-hygienisierende-mittel","7":"product_tag-covid-19-de","8":"product_tag-hygienisierung-de","10":"first","11":"instock","12":"shipping-taxable","13":"product-type-variable"},"acf":[],"_links":{"self":[{"href":"https:\/\/www.atassrl.it\/de\/wp-json\/wp\/v2\/product\/7913","targetHints":{"allow":["GET"]}}],"collection":[{"href":"https:\/\/www.atassrl.it\/de\/wp-json\/wp\/v2\/product"}],"about":[{"href":"https:\/\/www.atassrl.it\/de\/wp-json\/wp\/v2\/types\/product"}],"wp:featuredmedia":[{"embeddable":true,"href":"https:\/\/www.atassrl.it\/de\/wp-json\/wp\/v2\/media\/7925"}],"wp:attachment":[{"href":"https:\/\/www.atassrl.it\/de\/wp-json\/wp\/v2\/media?parent=7913"}],"wp:term":[{"taxonomy":"product_brand","embeddable":true,"href":"https:\/\/www.atassrl.it\/de\/wp-json\/wp\/v2\/product_brand?post=7913"},{"taxonomy":"product_cat","embeddable":true,"href":"https:\/\/www.atassrl.it\/de\/wp-json\/wp\/v2\/product_cat?post=7913"},{"taxonomy":"product_tag","embeddable":true,"href":"https:\/\/www.atassrl.it\/de\/wp-json\/wp\/v2\/product_tag?post=7913"}],"curies":[{"name":"wp","href":"https:\/\/api.w.org\/{rel}","templated":true}]}}