{"id":8075,"date":"2022-06-20T18:21:36","date_gmt":"2022-06-20T16:21:36","guid":{"rendered":"https:\/\/www.atassrl.it\/?post_type=product&#038;p=8075"},"modified":"2022-06-24T11:25:16","modified_gmt":"2022-06-24T09:25:16","slug":"makycar-cs-2","status":"publish","type":"product","link":"https:\/\/www.atassrl.it\/de\/produkt\/makycar-cs-2\/","title":{"rendered":"MAKYCAR CS"},"content":{"rendered":"<p>Dank seiner Formel mit einer hohen Konzentration an \u00d6len und Wachsen ist es besonders effektiv bei der Beseitigung von Smog, Ru\u00df und R\u00fcckst\u00e4nden von Schleifpasten; Es poliert und sch\u00fctzt sowohl Pastell- als auch Metallic- Lackierungen. Es kann sowohl manuell als auch auf einer Poliermaschine verwendet werden, da es sich um ein professionelles Produkt handelt.<\/p>\n","protected":false},"excerpt":{"rendered":"<p>SILIKONPOLITUR F\u00dcR KAROSSERIE<\/p>\n","protected":false},"featured_media":8082,"template":"","meta":{"_acf_changed":false,"_seopress_robots_primary_cat":"","_seopress_titles_title":"","_seopress_titles_desc":"","_seopress_robots_index":"","_seopress_analysis_target_kw":""},"product_brand":[],"product_cat":[185],"product_tag":[739],"class_list":{"0":"post-8075","1":"product","2":"type-product","3":"status-publish","4":"has-post-thumbnail","6":"product_cat-linea-atascar-de","7":"product_tag-wachse-und-schutz","9":"first","10":"instock","11":"shipping-taxable","12":"product-type-simple"},"acf":[],"_links":{"self":[{"href":"https:\/\/www.atassrl.it\/de\/wp-json\/wp\/v2\/product\/8075","targetHints":{"allow":["GET"]}}],"collection":[{"href":"https:\/\/www.atassrl.it\/de\/wp-json\/wp\/v2\/product"}],"about":[{"href":"https:\/\/www.atassrl.it\/de\/wp-json\/wp\/v2\/types\/product"}],"wp:featuredmedia":[{"embeddable":true,"href":"https:\/\/www.atassrl.it\/de\/wp-json\/wp\/v2\/media\/8082"}],"wp:attachment":[{"href":"https:\/\/www.atassrl.it\/de\/wp-json\/wp\/v2\/media?parent=8075"}],"wp:term":[{"taxonomy":"product_brand","embeddable":true,"href":"https:\/\/www.atassrl.it\/de\/wp-json\/wp\/v2\/product_brand?post=8075"},{"taxonomy":"product_cat","embeddable":true,"href":"https:\/\/www.atassrl.it\/de\/wp-json\/wp\/v2\/product_cat?post=8075"},{"taxonomy":"product_tag","embeddable":true,"href":"https:\/\/www.atassrl.it\/de\/wp-json\/wp\/v2\/product_tag?post=8075"}],"curies":[{"name":"wp","href":"https:\/\/api.w.org\/{rel}","templated":true}]}}