{"id":8299,"date":"2022-06-21T17:20:01","date_gmt":"2022-06-21T15:20:01","guid":{"rendered":"https:\/\/www.atassrl.it\/?post_type=product&#038;p=8299"},"modified":"2022-06-30T11:47:00","modified_gmt":"2022-06-30T09:47:00","slug":"marris","status":"publish","type":"product","link":"https:\/\/www.atassrl.it\/de\/produkt\/marris\/","title":{"rendered":"MARRIS"},"content":{"rendered":"<p>Beseitigt Fettflecken von Sitzbez\u00fcgen und Stoffen im Allgemeinen, au\u00dfer impr\u00e4gnierte.<br \/>\nDas Produkt wirkt auf Flecken, ohne Lichth\u00f6fe zu hinterlassen oder Farben und empfindliche Stoffe zu besch\u00e4digen. Es enth\u00e4lt keine chlorierten L\u00f6sungsmittel.<\/p>\n","protected":false},"excerpt":{"rendered":"<p>TROCKENFLECKENTFERNER<\/p>\n","protected":false},"featured_media":8306,"template":"","meta":{"_acf_changed":false,"_seopress_robots_primary_cat":"","_seopress_titles_title":"","_seopress_titles_desc":"","_seopress_robots_index":"","_seopress_analysis_target_kw":""},"product_brand":[],"product_cat":[196,185],"product_tag":[],"class_list":{"0":"post-8299","1":"product","2":"type-product","3":"status-publish","4":"has-post-thumbnail","6":"product_cat-auto-innenausstattung","7":"product_cat-linea-atascar-de","9":"first","10":"instock","11":"shipping-taxable","12":"product-type-simple"},"acf":[],"_links":{"self":[{"href":"https:\/\/www.atassrl.it\/de\/wp-json\/wp\/v2\/product\/8299","targetHints":{"allow":["GET"]}}],"collection":[{"href":"https:\/\/www.atassrl.it\/de\/wp-json\/wp\/v2\/product"}],"about":[{"href":"https:\/\/www.atassrl.it\/de\/wp-json\/wp\/v2\/types\/product"}],"wp:featuredmedia":[{"embeddable":true,"href":"https:\/\/www.atassrl.it\/de\/wp-json\/wp\/v2\/media\/8306"}],"wp:attachment":[{"href":"https:\/\/www.atassrl.it\/de\/wp-json\/wp\/v2\/media?parent=8299"}],"wp:term":[{"taxonomy":"product_brand","embeddable":true,"href":"https:\/\/www.atassrl.it\/de\/wp-json\/wp\/v2\/product_brand?post=8299"},{"taxonomy":"product_cat","embeddable":true,"href":"https:\/\/www.atassrl.it\/de\/wp-json\/wp\/v2\/product_cat?post=8299"},{"taxonomy":"product_tag","embeddable":true,"href":"https:\/\/www.atassrl.it\/de\/wp-json\/wp\/v2\/product_tag?post=8299"}],"curies":[{"name":"wp","href":"https:\/\/api.w.org\/{rel}","templated":true}]}}