{"id":8318,"date":"2022-06-21T17:35:39","date_gmt":"2022-06-21T15:35:39","guid":{"rendered":"https:\/\/www.atassrl.it\/?post_type=product&#038;p=8318"},"modified":"2022-06-30T11:52:47","modified_gmt":"2022-06-30T09:52:47","slug":"galar-catene","status":"publish","type":"product","link":"https:\/\/www.atassrl.it\/de\/produkt\/galar-catene\/","title":{"rendered":"GALAR CATENE"},"content":{"rendered":"<p>Ideales Fett f\u00fcr die Schmierung von Antriebsketten dank seiner Hafteigenschaften. Verl\u00e4ngert die Lebensdauer beweglicher Teile, besch\u00e4digt O-Ringe nicht und reduziert Ger\u00e4usche. Additiviert mit Titanoxid, das die Farbe aufhellt, aber ihre Leistung verbessert.<\/p>\n","protected":false},"excerpt":{"rendered":"<p>SCHMIERFETT F\u00dcR KETTEN<\/p>\n","protected":false},"featured_media":8325,"template":"","meta":{"_acf_changed":false,"_seopress_robots_primary_cat":"","_seopress_titles_title":"","_seopress_titles_desc":"","_seopress_robots_index":"","_seopress_analysis_target_kw":""},"product_brand":[],"product_cat":[185,208],"product_tag":[],"class_list":{"0":"post-8318","1":"product","2":"type-product","3":"status-publish","4":"has-post-thumbnail","6":"product_cat-linea-atascar-de","7":"product_cat-schmierstoffe","9":"first","10":"outofstock","11":"shipping-taxable","12":"product-type-variable"},"acf":[],"_links":{"self":[{"href":"https:\/\/www.atassrl.it\/de\/wp-json\/wp\/v2\/product\/8318","targetHints":{"allow":["GET"]}}],"collection":[{"href":"https:\/\/www.atassrl.it\/de\/wp-json\/wp\/v2\/product"}],"about":[{"href":"https:\/\/www.atassrl.it\/de\/wp-json\/wp\/v2\/types\/product"}],"wp:featuredmedia":[{"embeddable":true,"href":"https:\/\/www.atassrl.it\/de\/wp-json\/wp\/v2\/media\/8325"}],"wp:attachment":[{"href":"https:\/\/www.atassrl.it\/de\/wp-json\/wp\/v2\/media?parent=8318"}],"wp:term":[{"taxonomy":"product_brand","embeddable":true,"href":"https:\/\/www.atassrl.it\/de\/wp-json\/wp\/v2\/product_brand?post=8318"},{"taxonomy":"product_cat","embeddable":true,"href":"https:\/\/www.atassrl.it\/de\/wp-json\/wp\/v2\/product_cat?post=8318"},{"taxonomy":"product_tag","embeddable":true,"href":"https:\/\/www.atassrl.it\/de\/wp-json\/wp\/v2\/product_tag?post=8318"}],"curies":[{"name":"wp","href":"https:\/\/api.w.org\/{rel}","templated":true}]}}