{"id":8339,"date":"2022-06-22T10:45:54","date_gmt":"2022-06-22T08:45:54","guid":{"rendered":"https:\/\/www.atassrl.it\/?post_type=product&#038;p=8339"},"modified":"2022-06-30T11:56:14","modified_gmt":"2022-06-30T09:56:14","slug":"carel-ign","status":"publish","type":"product","link":"https:\/\/www.atassrl.it\/de\/produkt\/carel-ign\/","title":{"rendered":"CAREL IGN"},"content":{"rendered":"<p>Schaumspray, das speziell f\u00fcr die Reinigung der Innenpolsterung von Helmen (Wangenpolster und Schale) entwickelt wurde. Es entfernt gr\u00fcndlich Schmutz und entfernt alle Ger\u00fcche, ohne zu benetzen. Nicht aggressiv auf der Haut.<\/p>\n","protected":false},"excerpt":{"rendered":"<p>SCH\u00c4UMENDES HYGIENISIERER F\u00dcR DIE INNENSEITE DES HELMS<\/p>\n","protected":false},"featured_media":8346,"template":"","meta":{"_acf_changed":false,"_seopress_robots_primary_cat":"","_seopress_titles_title":"","_seopress_titles_desc":"","_seopress_robots_index":"","_seopress_analysis_target_kw":""},"product_brand":[],"product_cat":[185,218],"product_tag":[],"class_list":{"0":"post-8339","1":"product","2":"type-product","3":"status-publish","4":"has-post-thumbnail","6":"product_cat-linea-atascar-de","7":"product_cat-motorrader-und-fahrrader","9":"first","10":"instock","11":"shipping-taxable","12":"product-type-simple"},"acf":[],"_links":{"self":[{"href":"https:\/\/www.atassrl.it\/de\/wp-json\/wp\/v2\/product\/8339","targetHints":{"allow":["GET"]}}],"collection":[{"href":"https:\/\/www.atassrl.it\/de\/wp-json\/wp\/v2\/product"}],"about":[{"href":"https:\/\/www.atassrl.it\/de\/wp-json\/wp\/v2\/types\/product"}],"wp:featuredmedia":[{"embeddable":true,"href":"https:\/\/www.atassrl.it\/de\/wp-json\/wp\/v2\/media\/8346"}],"wp:attachment":[{"href":"https:\/\/www.atassrl.it\/de\/wp-json\/wp\/v2\/media?parent=8339"}],"wp:term":[{"taxonomy":"product_brand","embeddable":true,"href":"https:\/\/www.atassrl.it\/de\/wp-json\/wp\/v2\/product_brand?post=8339"},{"taxonomy":"product_cat","embeddable":true,"href":"https:\/\/www.atassrl.it\/de\/wp-json\/wp\/v2\/product_cat?post=8339"},{"taxonomy":"product_tag","embeddable":true,"href":"https:\/\/www.atassrl.it\/de\/wp-json\/wp\/v2\/product_tag?post=8339"}],"curies":[{"name":"wp","href":"https:\/\/api.w.org\/{rel}","templated":true}]}}