{"id":8349,"date":"2022-06-22T10:51:45","date_gmt":"2022-06-22T08:51:45","guid":{"rendered":"https:\/\/www.atassrl.it\/?post_type=product&#038;p=8349"},"modified":"2022-06-30T11:58:06","modified_gmt":"2022-06-30T09:58:06","slug":"delcat","status":"publish","type":"product","link":"https:\/\/www.atassrl.it\/de\/produkt\/delcat\/","title":{"rendered":"DELCAT"},"content":{"rendered":"<p>Produkt, das speziell zur Reinigung der Motorradkette entwickelt wurde. Seine Formel erm\u00f6glicht es Ihnen, Schmutz und Fett sicher und schnell zu entfernen und gleichzeitig die O-Ringe, X-Ringe und Z-Ringe zu schonen. Seine regelm\u00e4\u00dfige Anwendung tr\u00e4gt dazu bei, die Lebensdauer der Kette zu verl\u00e4ngern, indem der Verschlei\u00df begrenzt wird. Der Strohhalm erm\u00f6glicht es, einen gr\u00f6\u00dferen Produktverbrauch zu vermeiden.<\/p>\n","protected":false},"excerpt":{"rendered":"<p>ENTFETTER F\u00dcR KETTEN<\/p>\n","protected":false},"featured_media":8356,"template":"","meta":{"_acf_changed":false,"_seopress_robots_primary_cat":"","_seopress_titles_title":"","_seopress_titles_desc":"","_seopress_robots_index":"","_seopress_analysis_target_kw":""},"product_brand":[],"product_cat":[185,218],"product_tag":[],"class_list":{"0":"post-8349","1":"product","2":"type-product","3":"status-publish","4":"has-post-thumbnail","6":"product_cat-linea-atascar-de","7":"product_cat-motorrader-und-fahrrader","9":"first","10":"instock","11":"shipping-taxable","12":"product-type-simple"},"acf":[],"_links":{"self":[{"href":"https:\/\/www.atassrl.it\/de\/wp-json\/wp\/v2\/product\/8349","targetHints":{"allow":["GET"]}}],"collection":[{"href":"https:\/\/www.atassrl.it\/de\/wp-json\/wp\/v2\/product"}],"about":[{"href":"https:\/\/www.atassrl.it\/de\/wp-json\/wp\/v2\/types\/product"}],"wp:featuredmedia":[{"embeddable":true,"href":"https:\/\/www.atassrl.it\/de\/wp-json\/wp\/v2\/media\/8356"}],"wp:attachment":[{"href":"https:\/\/www.atassrl.it\/de\/wp-json\/wp\/v2\/media?parent=8349"}],"wp:term":[{"taxonomy":"product_brand","embeddable":true,"href":"https:\/\/www.atassrl.it\/de\/wp-json\/wp\/v2\/product_brand?post=8349"},{"taxonomy":"product_cat","embeddable":true,"href":"https:\/\/www.atassrl.it\/de\/wp-json\/wp\/v2\/product_cat?post=8349"},{"taxonomy":"product_tag","embeddable":true,"href":"https:\/\/www.atassrl.it\/de\/wp-json\/wp\/v2\/product_tag?post=8349"}],"curies":[{"name":"wp","href":"https:\/\/api.w.org\/{rel}","templated":true}]}}