{"id":8362,"date":"2022-06-22T10:55:43","date_gmt":"2022-06-22T08:55:43","guid":{"rendered":"https:\/\/www.atassrl.it\/?post_type=product&#038;p=8362"},"modified":"2022-06-30T11:59:46","modified_gmt":"2022-06-30T09:59:46","slug":"rinpel-cream","status":"publish","type":"product","link":"https:\/\/www.atassrl.it\/de\/produkt\/rinpel-cream\/","title":{"rendered":"RINPEL CREAM"},"content":{"rendered":"<p>Parf\u00fcmiertes Reinigungsmittel mit reinigender und farbauffrischender Wirkung f\u00fcr Natur- und Kunstlederoberfl\u00e4chen. Auf Basis wertvoller nat\u00fcrlicher Wachse und pflegender \u00d6le verleiht es den behandelten Partien Glanz und hinterl\u00e4sst sie angenehm weich und gesch\u00fctzt. Mit feuchtigkeitsspendender Wirkung beugt es der Bildung von Rissen vor. Geeignet f\u00fcr Sitze und Autoinnenr\u00e4ume, Sessel und Sofas.<\/p>\n","protected":false},"excerpt":{"rendered":"<p>LEDERREINIGER UND POLITUR<\/p>\n","protected":false},"featured_media":8385,"template":"","meta":{"_acf_changed":false,"_seopress_robots_primary_cat":"","_seopress_titles_title":"","_seopress_titles_desc":"","_seopress_robots_index":"","_seopress_analysis_target_kw":""},"product_brand":[],"product_cat":[185],"product_tag":[737],"class_list":{"0":"post-8362","1":"product","2":"type-product","3":"status-publish","4":"has-post-thumbnail","6":"product_cat-linea-atascar-de","7":"product_tag-spezielle-anwendungen","9":"first","10":"instock","11":"shipping-taxable","12":"product-type-variable"},"acf":[],"_links":{"self":[{"href":"https:\/\/www.atassrl.it\/de\/wp-json\/wp\/v2\/product\/8362","targetHints":{"allow":["GET"]}}],"collection":[{"href":"https:\/\/www.atassrl.it\/de\/wp-json\/wp\/v2\/product"}],"about":[{"href":"https:\/\/www.atassrl.it\/de\/wp-json\/wp\/v2\/types\/product"}],"wp:featuredmedia":[{"embeddable":true,"href":"https:\/\/www.atassrl.it\/de\/wp-json\/wp\/v2\/media\/8385"}],"wp:attachment":[{"href":"https:\/\/www.atassrl.it\/de\/wp-json\/wp\/v2\/media?parent=8362"}],"wp:term":[{"taxonomy":"product_brand","embeddable":true,"href":"https:\/\/www.atassrl.it\/de\/wp-json\/wp\/v2\/product_brand?post=8362"},{"taxonomy":"product_cat","embeddable":true,"href":"https:\/\/www.atassrl.it\/de\/wp-json\/wp\/v2\/product_cat?post=8362"},{"taxonomy":"product_tag","embeddable":true,"href":"https:\/\/www.atassrl.it\/de\/wp-json\/wp\/v2\/product_tag?post=8362"}],"curies":[{"name":"wp","href":"https:\/\/api.w.org\/{rel}","templated":true}]}}