{"id":8444,"date":"2022-06-22T15:41:15","date_gmt":"2022-06-22T13:41:15","guid":{"rendered":"https:\/\/www.atassrl.it\/?post_type=product&#038;p=8444"},"modified":"2022-07-04T13:48:27","modified_gmt":"2022-07-04T11:48:27","slug":"galar-rame","status":"publish","type":"product","link":"https:\/\/www.atassrl.it\/de\/produkt\/galar-rame\/","title":{"rendered":"GALAR RAME"},"content":{"rendered":"<p>Schmiermittel, das gegen sehr hohe Temperaturen best\u00e4ndig ist und in Stahlwerken, Gie\u00dfereien, mechanischen Werkst\u00e4tten, Schifffahrts- und Eisenbahnsektoren, Metall- und Kunststoffformen, Bauunternehmen verwendet wird. Ideal f\u00fcr die Montage von Kesseln und Brennerplatten, Auspuffkr\u00fcmmermuttern, Blattfedern, Kupplungen und Abschlepphaken. Es unterliegt keinen Ver\u00e4nderungen durch atmosph\u00e4rische Einfl\u00fcsse und vermeidet Rost an Schwei\u00dfn\u00e4hten und Metallteilen.<\/p>\n","protected":false},"excerpt":{"rendered":"<p>ANTI-SEIZE-FETT<\/p>\n","protected":false},"featured_media":8451,"template":"","meta":{"_acf_changed":false,"_seopress_robots_primary_cat":"","_seopress_titles_title":"","_seopress_titles_desc":"","_seopress_robots_index":"","_seopress_analysis_target_kw":""},"product_brand":[],"product_cat":[185,208],"product_tag":[879],"class_list":{"0":"post-8444","1":"product","2":"type-product","3":"status-publish","4":"has-post-thumbnail","6":"product_cat-linea-atascar-de","7":"product_cat-schmierstoffe","8":"product_tag-technische-produkte","10":"first","11":"outofstock","12":"shipping-taxable","13":"product-type-simple"},"acf":[],"_links":{"self":[{"href":"https:\/\/www.atassrl.it\/de\/wp-json\/wp\/v2\/product\/8444","targetHints":{"allow":["GET"]}}],"collection":[{"href":"https:\/\/www.atassrl.it\/de\/wp-json\/wp\/v2\/product"}],"about":[{"href":"https:\/\/www.atassrl.it\/de\/wp-json\/wp\/v2\/types\/product"}],"wp:featuredmedia":[{"embeddable":true,"href":"https:\/\/www.atassrl.it\/de\/wp-json\/wp\/v2\/media\/8451"}],"wp:attachment":[{"href":"https:\/\/www.atassrl.it\/de\/wp-json\/wp\/v2\/media?parent=8444"}],"wp:term":[{"taxonomy":"product_brand","embeddable":true,"href":"https:\/\/www.atassrl.it\/de\/wp-json\/wp\/v2\/product_brand?post=8444"},{"taxonomy":"product_cat","embeddable":true,"href":"https:\/\/www.atassrl.it\/de\/wp-json\/wp\/v2\/product_cat?post=8444"},{"taxonomy":"product_tag","embeddable":true,"href":"https:\/\/www.atassrl.it\/de\/wp-json\/wp\/v2\/product_tag?post=8444"}],"curies":[{"name":"wp","href":"https:\/\/api.w.org\/{rel}","templated":true}]}}