{"id":8454,"date":"2022-06-22T15:42:59","date_gmt":"2022-06-22T13:42:59","guid":{"rendered":"https:\/\/www.atassrl.it\/?post_type=product&#038;p=8454"},"modified":"2022-07-04T13:54:28","modified_gmt":"2022-07-04T11:54:28","slug":"galar-bisolfuro","status":"publish","type":"product","link":"https:\/\/www.atassrl.it\/de\/produkt\/galar-bisolfuro\/","title":{"rendered":"GALAR BISOLFURO"},"content":{"rendered":"<p>Mit hoher Schmier- und Antioxidationskraft sch\u00fctzt, haftet und versiegelt es. Es rei\u00dft nicht, ist nicht waschbar, h\u00e4rtet nicht aus und ist ein hervorragendes Antioxidans. Speziell f\u00fcr stark beanspruchte mechanische Teile, bleibt es in einem Temperaturbereich von -20 \u00b0 C bis + 700 \u00b0 C unver\u00e4ndert. Geeignet f\u00fcr W\u00e4lz- und Gleitlager, Wagen in Lackierereien, Kardangelenke, Ofenketten usw.<\/p>\n","protected":false},"excerpt":{"rendered":"<p>MOLYBD\u00c4NBISULFID-HAFTFETT<\/p>\n","protected":false},"featured_media":8461,"template":"","meta":{"_acf_changed":false,"_seopress_robots_primary_cat":"","_seopress_titles_title":"","_seopress_titles_desc":"","_seopress_robots_index":"","_seopress_analysis_target_kw":""},"product_brand":[],"product_cat":[185,208],"product_tag":[],"class_list":{"0":"post-8454","1":"product","2":"type-product","3":"status-publish","4":"has-post-thumbnail","6":"product_cat-linea-atascar-de","7":"product_cat-schmierstoffe","9":"first","10":"outofstock","11":"shipping-taxable","12":"product-type-simple"},"acf":[],"_links":{"self":[{"href":"https:\/\/www.atassrl.it\/de\/wp-json\/wp\/v2\/product\/8454","targetHints":{"allow":["GET"]}}],"collection":[{"href":"https:\/\/www.atassrl.it\/de\/wp-json\/wp\/v2\/product"}],"about":[{"href":"https:\/\/www.atassrl.it\/de\/wp-json\/wp\/v2\/types\/product"}],"wp:featuredmedia":[{"embeddable":true,"href":"https:\/\/www.atassrl.it\/de\/wp-json\/wp\/v2\/media\/8461"}],"wp:attachment":[{"href":"https:\/\/www.atassrl.it\/de\/wp-json\/wp\/v2\/media?parent=8454"}],"wp:term":[{"taxonomy":"product_brand","embeddable":true,"href":"https:\/\/www.atassrl.it\/de\/wp-json\/wp\/v2\/product_brand?post=8454"},{"taxonomy":"product_cat","embeddable":true,"href":"https:\/\/www.atassrl.it\/de\/wp-json\/wp\/v2\/product_cat?post=8454"},{"taxonomy":"product_tag","embeddable":true,"href":"https:\/\/www.atassrl.it\/de\/wp-json\/wp\/v2\/product_tag?post=8454"}],"curies":[{"name":"wp","href":"https:\/\/api.w.org\/{rel}","templated":true}]}}