{"id":8464,"date":"2022-06-22T15:46:22","date_gmt":"2022-06-22T13:46:22","guid":{"rendered":"https:\/\/www.atassrl.it\/?post_type=product&#038;p=8464"},"modified":"2022-07-04T13:57:37","modified_gmt":"2022-07-04T11:57:37","slug":"galar-silicone","status":"publish","type":"product","link":"https:\/\/www.atassrl.it\/de\/produkt\/galar-silicone\/","title":{"rendered":"GALAR SILICONE"},"content":{"rendered":"<p>Fett auf Silikonbasis, dank seiner Eigenschaften \u00e4u\u00dferst vielseitig einsetzbar. Es erm\u00f6glicht ein pr\u00e4zises und sauberes Arbeiten, da es nicht tropft. Es widersteht Feuchtigkeit und Kondensation, ist wasserabweisend und wird im Sanit\u00e4rbereich h\u00e4ufig als Schmiermittel f\u00fcr Wasserh\u00e4hne, Ventile und Gleitfl\u00e4chen verwendet. Besonders sicher und inert, hat einen hohen Viskosit\u00e4tsindex und reduziert daher die Reibung erheblich, ausgezeichnete Best\u00e4ndigkeit gegen hohe Temperaturen. Reduziert L\u00e4rm.<\/p>\n","protected":false},"excerpt":{"rendered":"<p>SILIKON-SCHMIERFETT<\/p>\n","protected":false},"featured_media":8471,"template":"","meta":{"_acf_changed":false,"_seopress_robots_primary_cat":"","_seopress_titles_title":"","_seopress_titles_desc":"","_seopress_robots_index":"","_seopress_analysis_target_kw":""},"product_brand":[],"product_cat":[185,208],"product_tag":[],"class_list":{"0":"post-8464","1":"product","2":"type-product","3":"status-publish","4":"has-post-thumbnail","6":"product_cat-linea-atascar-de","7":"product_cat-schmierstoffe","9":"first","10":"outofstock","11":"shipping-taxable","12":"product-type-simple"},"acf":[],"_links":{"self":[{"href":"https:\/\/www.atassrl.it\/de\/wp-json\/wp\/v2\/product\/8464","targetHints":{"allow":["GET"]}}],"collection":[{"href":"https:\/\/www.atassrl.it\/de\/wp-json\/wp\/v2\/product"}],"about":[{"href":"https:\/\/www.atassrl.it\/de\/wp-json\/wp\/v2\/types\/product"}],"wp:featuredmedia":[{"embeddable":true,"href":"https:\/\/www.atassrl.it\/de\/wp-json\/wp\/v2\/media\/8471"}],"wp:attachment":[{"href":"https:\/\/www.atassrl.it\/de\/wp-json\/wp\/v2\/media?parent=8464"}],"wp:term":[{"taxonomy":"product_brand","embeddable":true,"href":"https:\/\/www.atassrl.it\/de\/wp-json\/wp\/v2\/product_brand?post=8464"},{"taxonomy":"product_cat","embeddable":true,"href":"https:\/\/www.atassrl.it\/de\/wp-json\/wp\/v2\/product_cat?post=8464"},{"taxonomy":"product_tag","embeddable":true,"href":"https:\/\/www.atassrl.it\/de\/wp-json\/wp\/v2\/product_tag?post=8464"}],"curies":[{"name":"wp","href":"https:\/\/api.w.org\/{rel}","templated":true}]}}