{"id":8474,"date":"2022-06-22T15:53:54","date_gmt":"2022-06-22T13:53:54","guid":{"rendered":"https:\/\/www.atassrl.it\/?post_type=product&#038;p=8474"},"modified":"2022-08-03T12:13:24","modified_gmt":"2022-08-03T10:13:24","slug":"ad-blue","status":"publish","type":"product","link":"https:\/\/www.atassrl.it\/de\/produkt\/ad-blue\/","title":{"rendered":"Ad Blue\u00ae"},"content":{"rendered":"<p style=\"font-weight: 400;\">Ad Blue \u00ae ist eine Mischung aus technisch reinem Harnstoff und demineralisiertem Wasser. Die 32,5%ige Harnstoffl\u00f6sung ist ungiftig, farblos mit leichtem Ammoniakgeruch, sicher f\u00fcr die Umwelt. Es erf\u00fcllt die Standards AUS 32 ISO 22241 und wird in modernen Lkw und Pkw sowie Bussen mit SCR-Technologie (Euro 6) eingesetzt. Die Reduzierung der Stickoxidemissionen gilt auch f\u00fcr die sogenannten \u201eDiesel Off Road\u201c, also landwirtschaftliche Traktoren, Binnen- und Seeschiffe sowie Eisenbahnlokomotiven.<\/p>\n","protected":false},"excerpt":{"rendered":"<div><span lang=\"DE\">ADDITIV F\u00dcR EURO 6 DIESELMOTOREN<\/span><\/div>\n","protected":false},"featured_media":8481,"template":"","meta":{"_acf_changed":false,"_seopress_robots_primary_cat":"","_seopress_titles_title":"","_seopress_titles_desc":"","_seopress_robots_index":"","_seopress_analysis_target_kw":""},"product_brand":[],"product_cat":[723,185,274,378],"product_tag":[895],"class_list":{"0":"post-8474","1":"product","2":"type-product","3":"status-publish","4":"has-post-thumbnail","6":"product_cat-ausenreiniger","7":"product_cat-linea-atascar-de","8":"product_cat-linea-atasdet-de","9":"product_cat-spezifische-verwendungen","10":"product_tag-waschen","12":"first","13":"instock","14":"shipping-taxable","15":"product-type-variable"},"acf":[],"_links":{"self":[{"href":"https:\/\/www.atassrl.it\/de\/wp-json\/wp\/v2\/product\/8474","targetHints":{"allow":["GET"]}}],"collection":[{"href":"https:\/\/www.atassrl.it\/de\/wp-json\/wp\/v2\/product"}],"about":[{"href":"https:\/\/www.atassrl.it\/de\/wp-json\/wp\/v2\/types\/product"}],"wp:featuredmedia":[{"embeddable":true,"href":"https:\/\/www.atassrl.it\/de\/wp-json\/wp\/v2\/media\/8481"}],"wp:attachment":[{"href":"https:\/\/www.atassrl.it\/de\/wp-json\/wp\/v2\/media?parent=8474"}],"wp:term":[{"taxonomy":"product_brand","embeddable":true,"href":"https:\/\/www.atassrl.it\/de\/wp-json\/wp\/v2\/product_brand?post=8474"},{"taxonomy":"product_cat","embeddable":true,"href":"https:\/\/www.atassrl.it\/de\/wp-json\/wp\/v2\/product_cat?post=8474"},{"taxonomy":"product_tag","embeddable":true,"href":"https:\/\/www.atassrl.it\/de\/wp-json\/wp\/v2\/product_tag?post=8474"}],"curies":[{"name":"wp","href":"https:\/\/api.w.org\/{rel}","templated":true}]}}