{"id":8496,"date":"2022-06-22T16:31:46","date_gmt":"2022-06-22T14:31:46","guid":{"rendered":"https:\/\/www.atassrl.it\/?post_type=product&#038;p=8496"},"modified":"2022-07-04T16:56:40","modified_gmt":"2022-07-04T14:56:40","slug":"additivo-per-adblue","status":"publish","type":"product","link":"https:\/\/www.atassrl.it\/de\/produkt\/additivo-per-adblue\/","title":{"rendered":"ADDITIVO PER ADBLUE"},"content":{"rendered":"<p>Es optimiert die Zerst\u00e4ubung des Injektors und vermeidet die Bildung von Verkrustungen. Es beschleunigt die Umwandlung von Harnstoff in Ammoniak. Es erm\u00f6glicht eine feinere Injektion der harnstoffbasierten L\u00f6sung, indem es die Spannung auf der Oberfl\u00e4che verringert. Erh\u00f6ht die Effizienz des SCR-Katalysators (Selective Catalytic Reduction).<\/p>\n","protected":false},"excerpt":{"rendered":"<p>REINIGUNGSFL\u00dcSSIGKEIT F\u00dcR EINSPRITZSYSTEM<\/p>\n","protected":false},"featured_media":8519,"template":"","meta":{"_acf_changed":false,"_seopress_robots_primary_cat":"","_seopress_titles_title":"","_seopress_titles_desc":"","_seopress_robots_index":"","_seopress_analysis_target_kw":""},"product_brand":[],"product_cat":[723,185],"product_tag":[],"class_list":{"0":"post-8496","1":"product","2":"type-product","3":"status-publish","4":"has-post-thumbnail","6":"product_cat-ausenreiniger","7":"product_cat-linea-atascar-de","9":"first","10":"instock","11":"shipping-taxable","12":"product-type-variable"},"acf":[],"_links":{"self":[{"href":"https:\/\/www.atassrl.it\/de\/wp-json\/wp\/v2\/product\/8496","targetHints":{"allow":["GET"]}}],"collection":[{"href":"https:\/\/www.atassrl.it\/de\/wp-json\/wp\/v2\/product"}],"about":[{"href":"https:\/\/www.atassrl.it\/de\/wp-json\/wp\/v2\/types\/product"}],"wp:featuredmedia":[{"embeddable":true,"href":"https:\/\/www.atassrl.it\/de\/wp-json\/wp\/v2\/media\/8519"}],"wp:attachment":[{"href":"https:\/\/www.atassrl.it\/de\/wp-json\/wp\/v2\/media?parent=8496"}],"wp:term":[{"taxonomy":"product_brand","embeddable":true,"href":"https:\/\/www.atassrl.it\/de\/wp-json\/wp\/v2\/product_brand?post=8496"},{"taxonomy":"product_cat","embeddable":true,"href":"https:\/\/www.atassrl.it\/de\/wp-json\/wp\/v2\/product_cat?post=8496"},{"taxonomy":"product_tag","embeddable":true,"href":"https:\/\/www.atassrl.it\/de\/wp-json\/wp\/v2\/product_tag?post=8496"}],"curies":[{"name":"wp","href":"https:\/\/api.w.org\/{rel}","templated":true}]}}