{"id":8629,"date":"2022-06-22T17:51:22","date_gmt":"2022-06-22T15:51:22","guid":{"rendered":"https:\/\/www.atassrl.it\/?post_type=product&#038;p=8629"},"modified":"2022-06-30T14:31:26","modified_gmt":"2022-06-30T12:31:26","slug":"tecnoclim-hybrid","status":"publish","type":"product","link":"https:\/\/www.atassrl.it\/de\/produkt\/tecnoclim-hybrid\/","title":{"rendered":"TECNOCLIM HYBRID"},"content":{"rendered":"<p>Frostschutzmittel auf Ethylenglykolbasis mit OAT (Organic Acid Technology) Korrosionsinhibitoren mit niedrigem Phosphatgehalt. Es zeichnet sich durch eine extrem lange Lebensdauer aus und enth\u00e4lt keine Borate, Nitrite, Nitrate, Amine und Silikate. Die Formulierung ist perfekt ausbalanciert, um einen dauerhaften Schutz gegen alle Metalle im K\u00fchlsystem zu gew\u00e4hrleisten, insbesondere Aluminiumlegierungen und Leichtmetalle, die in Motoren der neuesten Generation, einschlie\u00dflich Hybrid- und Elektromotoren, vorhanden sind. Es garantiert die richtige Betriebstemperatur von Elektromotor, Generator, Batterien, Wechselrichter und E-CVT-Getriebe. Es verursacht keine Verkrustungen und sch\u00e4umt nicht. Auf 50 Vol.-% mit demineralisiertem Wasser verd\u00fcnnt, sch\u00fctzt es bis -39\u00b0C. Erf\u00fcllt die folgenden Spezifikationen: Toyota TSK 2601G-8 &#8211; Mazda MES 121 C-FL22.<\/p>\n","protected":false},"excerpt":{"rendered":"<p>FROSTSCHUTZFL\u00dcSSIGKEIT F\u00dcR HYBRID- UND ELEKTROMOTOREN<\/p>\n","protected":false},"featured_media":0,"template":"","meta":{"_acf_changed":false,"_seopress_robots_primary_cat":"","_seopress_titles_title":"","_seopress_titles_desc":"","_seopress_robots_index":"","_seopress_analysis_target_kw":""},"product_brand":[],"product_cat":[185],"product_tag":[],"class_list":{"0":"post-8629","1":"product","2":"type-product","3":"status-publish","5":"product_cat-linea-atascar-de","7":"first","8":"instock","9":"shipping-taxable","10":"product-type-simple"},"acf":[],"_links":{"self":[{"href":"https:\/\/www.atassrl.it\/de\/wp-json\/wp\/v2\/product\/8629","targetHints":{"allow":["GET"]}}],"collection":[{"href":"https:\/\/www.atassrl.it\/de\/wp-json\/wp\/v2\/product"}],"about":[{"href":"https:\/\/www.atassrl.it\/de\/wp-json\/wp\/v2\/types\/product"}],"wp:attachment":[{"href":"https:\/\/www.atassrl.it\/de\/wp-json\/wp\/v2\/media?parent=8629"}],"wp:term":[{"taxonomy":"product_brand","embeddable":true,"href":"https:\/\/www.atassrl.it\/de\/wp-json\/wp\/v2\/product_brand?post=8629"},{"taxonomy":"product_cat","embeddable":true,"href":"https:\/\/www.atassrl.it\/de\/wp-json\/wp\/v2\/product_cat?post=8629"},{"taxonomy":"product_tag","embeddable":true,"href":"https:\/\/www.atassrl.it\/de\/wp-json\/wp\/v2\/product_tag?post=8629"}],"curies":[{"name":"wp","href":"https:\/\/api.w.org\/{rel}","templated":true}]}}