{"id":8767,"date":"2022-06-23T11:10:47","date_gmt":"2022-06-23T09:10:47","guid":{"rendered":"https:\/\/www.atassrl.it\/?post_type=product&#038;p=8767"},"modified":"2022-06-30T15:29:14","modified_gmt":"2022-06-30T13:29:14","slug":"rilper","status":"publish","type":"product","link":"https:\/\/www.atassrl.it\/de\/produkt\/rilper\/","title":{"rendered":"RILPER"},"content":{"rendered":"<p>Aerosolprodukt, das Gas- oder Druckluftlecks aus Beh\u00e4ltern, Tanks, Beh\u00e4ltern, Ventilen, flexiblen Rohren und Rohren im Allgemeinen erkennt. Sicher, da nicht brennbar. Auf das zu pr\u00fcfende Teil gespr\u00fcht, erzeugt es im Falle einer Undichtigkeit Bl\u00e4schen.<\/p>\n","protected":false},"excerpt":{"rendered":"<p>GAS- UND LUFT-LECKSUCHER<\/p>\n","protected":false},"featured_media":8789,"template":"","meta":{"_acf_changed":false,"_seopress_robots_primary_cat":"","_seopress_titles_title":"","_seopress_titles_desc":"","_seopress_robots_index":"","_seopress_analysis_target_kw":""},"product_brand":[],"product_cat":[185],"product_tag":[],"class_list":{"0":"post-8767","1":"product","2":"type-product","3":"status-publish","4":"has-post-thumbnail","6":"product_cat-linea-atascar-de","8":"first","9":"outofstock","10":"shipping-taxable","11":"product-type-simple"},"acf":[],"_links":{"self":[{"href":"https:\/\/www.atassrl.it\/de\/wp-json\/wp\/v2\/product\/8767","targetHints":{"allow":["GET"]}}],"collection":[{"href":"https:\/\/www.atassrl.it\/de\/wp-json\/wp\/v2\/product"}],"about":[{"href":"https:\/\/www.atassrl.it\/de\/wp-json\/wp\/v2\/types\/product"}],"wp:featuredmedia":[{"embeddable":true,"href":"https:\/\/www.atassrl.it\/de\/wp-json\/wp\/v2\/media\/8789"}],"wp:attachment":[{"href":"https:\/\/www.atassrl.it\/de\/wp-json\/wp\/v2\/media?parent=8767"}],"wp:term":[{"taxonomy":"product_brand","embeddable":true,"href":"https:\/\/www.atassrl.it\/de\/wp-json\/wp\/v2\/product_brand?post=8767"},{"taxonomy":"product_cat","embeddable":true,"href":"https:\/\/www.atassrl.it\/de\/wp-json\/wp\/v2\/product_cat?post=8767"},{"taxonomy":"product_tag","embeddable":true,"href":"https:\/\/www.atassrl.it\/de\/wp-json\/wp\/v2\/product_tag?post=8767"}],"curies":[{"name":"wp","href":"https:\/\/api.w.org\/{rel}","templated":true}]}}