{"id":8792,"date":"2022-06-23T11:16:09","date_gmt":"2022-06-23T09:16:09","guid":{"rendered":"https:\/\/www.atassrl.it\/?post_type=product&#038;p=8792"},"modified":"2022-06-30T15:35:21","modified_gmt":"2022-06-30T13:35:21","slug":"safil","status":"publish","type":"product","link":"https:\/\/www.atassrl.it\/de\/produkt\/safil\/","title":{"rendered":"SAFIL"},"content":{"rendered":"<p>L\u00f6sung auf Wasserbasis, die n\u00fctzlich ist, um zu verhindern, dass Schwei\u00dfschlacke und -spritzer an der Oberfl\u00e4che oder dem Produkt anhaften, an dem Sie arbeiten, wodurch m\u00fchsame Entfernungsarbeiten und ein Verstopfen der Schwei\u00dfmaschinend\u00fcsen vermieden werden, insbesondere wenn Sie in Innenr\u00e4umen arbeiten.<\/p>\n","protected":false},"excerpt":{"rendered":"<p>ANTIHAFTMITTEL ZUM SCHWEI\u00dfEN<\/p>\n","protected":false},"featured_media":8779,"template":"","meta":{"_acf_changed":false,"_seopress_robots_primary_cat":"","_seopress_titles_title":"","_seopress_titles_desc":"","_seopress_robots_index":"","_seopress_analysis_target_kw":""},"product_brand":[],"product_cat":[185],"product_tag":[],"class_list":{"0":"post-8792","1":"product","2":"type-product","3":"status-publish","4":"has-post-thumbnail","6":"product_cat-linea-atascar-de","8":"first","9":"outofstock","10":"shipping-taxable","11":"product-type-simple"},"acf":[],"_links":{"self":[{"href":"https:\/\/www.atassrl.it\/de\/wp-json\/wp\/v2\/product\/8792","targetHints":{"allow":["GET"]}}],"collection":[{"href":"https:\/\/www.atassrl.it\/de\/wp-json\/wp\/v2\/product"}],"about":[{"href":"https:\/\/www.atassrl.it\/de\/wp-json\/wp\/v2\/types\/product"}],"wp:featuredmedia":[{"embeddable":true,"href":"https:\/\/www.atassrl.it\/de\/wp-json\/wp\/v2\/media\/8779"}],"wp:attachment":[{"href":"https:\/\/www.atassrl.it\/de\/wp-json\/wp\/v2\/media?parent=8792"}],"wp:term":[{"taxonomy":"product_brand","embeddable":true,"href":"https:\/\/www.atassrl.it\/de\/wp-json\/wp\/v2\/product_brand?post=8792"},{"taxonomy":"product_cat","embeddable":true,"href":"https:\/\/www.atassrl.it\/de\/wp-json\/wp\/v2\/product_cat?post=8792"},{"taxonomy":"product_tag","embeddable":true,"href":"https:\/\/www.atassrl.it\/de\/wp-json\/wp\/v2\/product_tag?post=8792"}],"curies":[{"name":"wp","href":"https:\/\/api.w.org\/{rel}","templated":true}]}}