{"id":8797,"date":"2022-06-23T11:17:22","date_gmt":"2022-06-23T09:17:22","guid":{"rendered":"https:\/\/www.atassrl.it\/?post_type=product&#038;p=8797"},"modified":"2022-06-30T15:58:39","modified_gmt":"2022-06-30T13:58:39","slug":"zincal","status":"publish","type":"product","link":"https:\/\/www.atassrl.it\/de\/produkt\/zincal\/","title":{"rendered":"ZINCAL"},"content":{"rendered":"<p>Mit einem hohen Zinkgehalt sch\u00fctzt es Metalle vor Oxidation und Witterungseinfl\u00fcssen und eignet sich auch zum Ausbessern bereits verzinkter Oberfl\u00e4chen. Empfohlen zum Beschichten von Schwei\u00dfn\u00e4hten und zum Aufbewahren von Artefakten, die auch aus verschiedenen Materialien bestehen.<br \/>\nEs kann als Grundierung vor dem Lackieren verwendet werden. Mit hohem galvanischem Schutz trocknet es schnell und widersteht hohen Temperaturen.<\/p>\n","protected":false},"excerpt":{"rendered":"<p>SCHUTZVERZINKUNGSMITTEL<\/p>\n","protected":false},"featured_media":8784,"template":"","meta":{"_acf_changed":false,"_seopress_robots_primary_cat":"","_seopress_titles_title":"","_seopress_titles_desc":"","_seopress_robots_index":"","_seopress_analysis_target_kw":""},"product_brand":[],"product_cat":[185],"product_tag":[],"class_list":{"0":"post-8797","1":"product","2":"type-product","3":"status-publish","4":"has-post-thumbnail","6":"product_cat-linea-atascar-de","8":"first","9":"outofstock","10":"shipping-taxable","11":"product-type-simple"},"acf":[],"_links":{"self":[{"href":"https:\/\/www.atassrl.it\/de\/wp-json\/wp\/v2\/product\/8797","targetHints":{"allow":["GET"]}}],"collection":[{"href":"https:\/\/www.atassrl.it\/de\/wp-json\/wp\/v2\/product"}],"about":[{"href":"https:\/\/www.atassrl.it\/de\/wp-json\/wp\/v2\/types\/product"}],"wp:featuredmedia":[{"embeddable":true,"href":"https:\/\/www.atassrl.it\/de\/wp-json\/wp\/v2\/media\/8784"}],"wp:attachment":[{"href":"https:\/\/www.atassrl.it\/de\/wp-json\/wp\/v2\/media?parent=8797"}],"wp:term":[{"taxonomy":"product_brand","embeddable":true,"href":"https:\/\/www.atassrl.it\/de\/wp-json\/wp\/v2\/product_brand?post=8797"},{"taxonomy":"product_cat","embeddable":true,"href":"https:\/\/www.atassrl.it\/de\/wp-json\/wp\/v2\/product_cat?post=8797"},{"taxonomy":"product_tag","embeddable":true,"href":"https:\/\/www.atassrl.it\/de\/wp-json\/wp\/v2\/product_tag?post=8797"}],"curies":[{"name":"wp","href":"https:\/\/api.w.org\/{rel}","templated":true}]}}