{"id":8837,"date":"2022-06-23T14:38:15","date_gmt":"2022-06-23T12:38:15","guid":{"rendered":"https:\/\/www.atassrl.it\/?post_type=product&#038;p=8837"},"modified":"2022-06-30T16:36:12","modified_gmt":"2022-06-30T14:36:12","slug":"genicod","status":"publish","type":"product","link":"https:\/\/www.atassrl.it\/de\/produkt\/genicod\/","title":{"rendered":"GENICOD"},"content":{"rendered":"<p>Hygienizer auf Basis von 80 % Ethylalkohol, daher geeignet zur Eind\u00e4mmung von COVID-19. Ideal f\u00fcr die Behandlung von T\u00fcr- und Fenstergriffen, Autoinnenr\u00e4umen und Arbeitsplatzzubeh\u00f6r, eignet es sich f\u00fcr die Behandlung von Wohngeb\u00e4uden oder B\u00fcros sowie gro\u00dfen Umgebungen wie der Maschinenbau- und Lebensmittelindustrie.<\/p>\n","protected":false},"excerpt":{"rendered":"<p>HYGIENER F\u00dcR UMGEBUNG, ZUHAUSE UND ARBEITSPLATZ<\/p>\n","protected":false},"featured_media":9616,"template":"","meta":{"_acf_changed":false,"_seopress_robots_primary_cat":"","_seopress_titles_title":"","_seopress_titles_desc":"","_seopress_robots_index":"","_seopress_analysis_target_kw":""},"product_brand":[],"product_cat":[393,185],"product_tag":[883,891],"class_list":{"0":"post-8837","1":"product","2":"type-product","3":"status-publish","4":"has-post-thumbnail","6":"product_cat-hygienisierungsmittel","7":"product_cat-linea-atascar-de","8":"product_tag-covid-19-de","9":"product_tag-hygienisierung-de-2","11":"first","12":"instock","13":"shipping-taxable","14":"product-type-variable"},"acf":[],"_links":{"self":[{"href":"https:\/\/www.atassrl.it\/de\/wp-json\/wp\/v2\/product\/8837","targetHints":{"allow":["GET"]}}],"collection":[{"href":"https:\/\/www.atassrl.it\/de\/wp-json\/wp\/v2\/product"}],"about":[{"href":"https:\/\/www.atassrl.it\/de\/wp-json\/wp\/v2\/types\/product"}],"wp:featuredmedia":[{"embeddable":true,"href":"https:\/\/www.atassrl.it\/de\/wp-json\/wp\/v2\/media\/9616"}],"wp:attachment":[{"href":"https:\/\/www.atassrl.it\/de\/wp-json\/wp\/v2\/media?parent=8837"}],"wp:term":[{"taxonomy":"product_brand","embeddable":true,"href":"https:\/\/www.atassrl.it\/de\/wp-json\/wp\/v2\/product_brand?post=8837"},{"taxonomy":"product_cat","embeddable":true,"href":"https:\/\/www.atassrl.it\/de\/wp-json\/wp\/v2\/product_cat?post=8837"},{"taxonomy":"product_tag","embeddable":true,"href":"https:\/\/www.atassrl.it\/de\/wp-json\/wp\/v2\/product_tag?post=8837"}],"curies":[{"name":"wp","href":"https:\/\/api.w.org\/{rel}","templated":true}]}}