{"id":8851,"date":"2022-06-23T14:45:51","date_gmt":"2022-06-23T12:45:51","guid":{"rendered":"https:\/\/www.atassrl.it\/?post_type=product&#038;p=8851"},"modified":"2022-06-30T16:33:43","modified_gmt":"2022-06-30T14:33:43","slug":"sarnif-2","status":"publish","type":"product","link":"https:\/\/www.atassrl.it\/de\/produkt\/sarnif-2\/","title":{"rendered":"SARNIF"},"content":{"rendered":"<p>Spezielles leicht alkalisches Reinigungsmittel, geeignet zum Reinigen und Hygienisieren von Oberfl\u00e4chen wie Tischen, Schreibtischen, Monitoren, Schaltern, Drucktastenfeldern, T\u00fcren, Toren, Fahrstuhlinnenr\u00e4umen, Armaturenbrettern und Innenr\u00e4umen von Pkw, Bussen, Lkws und Wohnmobilen.<br \/>\nMit reduzierter Schaumkraft, materialschonend und leicht parf\u00fcmiert l\u00f6st es Schmutz und entfernt auf den Oberfl\u00e4chen vorhandene Verunreinigungen mechanisch r\u00fcckstandslos.<\/p>\n","protected":false},"excerpt":{"rendered":"<p>HYGIENISIERENDES WASCHMITTEL<\/p>\n","protected":false},"featured_media":8856,"template":"","meta":{"_acf_changed":false,"_seopress_robots_primary_cat":"","_seopress_titles_title":"","_seopress_titles_desc":"","_seopress_robots_index":"","_seopress_analysis_target_kw":""},"product_brand":[],"product_cat":[393,185],"product_tag":[],"class_list":{"0":"post-8851","1":"product","2":"type-product","3":"status-publish","4":"has-post-thumbnail","6":"product_cat-hygienisierungsmittel","7":"product_cat-linea-atascar-de","9":"first","10":"instock","11":"shipping-taxable","12":"product-type-simple"},"acf":[],"_links":{"self":[{"href":"https:\/\/www.atassrl.it\/de\/wp-json\/wp\/v2\/product\/8851","targetHints":{"allow":["GET"]}}],"collection":[{"href":"https:\/\/www.atassrl.it\/de\/wp-json\/wp\/v2\/product"}],"about":[{"href":"https:\/\/www.atassrl.it\/de\/wp-json\/wp\/v2\/types\/product"}],"wp:featuredmedia":[{"embeddable":true,"href":"https:\/\/www.atassrl.it\/de\/wp-json\/wp\/v2\/media\/8856"}],"wp:attachment":[{"href":"https:\/\/www.atassrl.it\/de\/wp-json\/wp\/v2\/media?parent=8851"}],"wp:term":[{"taxonomy":"product_brand","embeddable":true,"href":"https:\/\/www.atassrl.it\/de\/wp-json\/wp\/v2\/product_brand?post=8851"},{"taxonomy":"product_cat","embeddable":true,"href":"https:\/\/www.atassrl.it\/de\/wp-json\/wp\/v2\/product_cat?post=8851"},{"taxonomy":"product_tag","embeddable":true,"href":"https:\/\/www.atassrl.it\/de\/wp-json\/wp\/v2\/product_tag?post=8851"}],"curies":[{"name":"wp","href":"https:\/\/api.w.org\/{rel}","templated":true}]}}