{"id":8910,"date":"2022-06-23T15:34:12","date_gmt":"2022-06-23T13:34:12","guid":{"rendered":"https:\/\/www.atassrl.it\/?post_type=product&#038;p=8910"},"modified":"2022-07-15T11:02:30","modified_gmt":"2022-07-15T09:02:30","slug":"profumatori-per-auto","status":"publish","type":"product","link":"https:\/\/www.atassrl.it\/de\/produkt\/profumatori-per-auto\/","title":{"rendered":"PROFUMATORI PER AUTO"},"content":{"rendered":"<p>Lufterfrischer zum Auftragen auf die L\u00fcftungsschlitze des Autos. Erh\u00e4ltlich in vier sch\u00f6nen Versionen: Sonnenblume, Schmetterling, G\u00e4nsebl\u00fcmchen und Marienk\u00e4fer; jeweils in vier angenehmen D\u00fcften.<\/p>\n","protected":false},"excerpt":{"rendered":"<p>AUTOERFRISCHER\u00a0SUNFLOWER-BUTTERFLY-DAISY-LADYBUG<\/p>\n","protected":false},"featured_media":8922,"template":"","meta":{"_acf_changed":false,"_seopress_robots_primary_cat":"","_seopress_titles_title":"","_seopress_titles_desc":"","_seopress_robots_index":"","_seopress_analysis_target_kw":""},"product_brand":[],"product_cat":[185,189],"product_tag":[],"class_list":{"0":"post-8910","1":"product","2":"type-product","3":"status-publish","4":"has-post-thumbnail","6":"product_cat-linea-atascar-de","7":"product_cat-luftverbesserer","9":"first","10":"instock","11":"shipping-taxable","12":"product-type-simple"},"acf":[],"_links":{"self":[{"href":"https:\/\/www.atassrl.it\/de\/wp-json\/wp\/v2\/product\/8910","targetHints":{"allow":["GET"]}}],"collection":[{"href":"https:\/\/www.atassrl.it\/de\/wp-json\/wp\/v2\/product"}],"about":[{"href":"https:\/\/www.atassrl.it\/de\/wp-json\/wp\/v2\/types\/product"}],"wp:featuredmedia":[{"embeddable":true,"href":"https:\/\/www.atassrl.it\/de\/wp-json\/wp\/v2\/media\/8922"}],"wp:attachment":[{"href":"https:\/\/www.atassrl.it\/de\/wp-json\/wp\/v2\/media?parent=8910"}],"wp:term":[{"taxonomy":"product_brand","embeddable":true,"href":"https:\/\/www.atassrl.it\/de\/wp-json\/wp\/v2\/product_brand?post=8910"},{"taxonomy":"product_cat","embeddable":true,"href":"https:\/\/www.atassrl.it\/de\/wp-json\/wp\/v2\/product_cat?post=8910"},{"taxonomy":"product_tag","embeddable":true,"href":"https:\/\/www.atassrl.it\/de\/wp-json\/wp\/v2\/product_tag?post=8910"}],"curies":[{"name":"wp","href":"https:\/\/api.w.org\/{rel}","templated":true}]}}