{"id":8956,"date":"2022-06-23T16:13:43","date_gmt":"2022-06-23T14:13:43","guid":{"rendered":"https:\/\/www.atassrl.it\/?post_type=product&#038;p=8956"},"modified":"2022-06-30T17:21:54","modified_gmt":"2022-06-30T15:21:54","slug":"nil-fe","status":"publish","type":"product","link":"https:\/\/www.atassrl.it\/de\/produkt\/nil-fe\/","title":{"rendered":"NIL FE"},"content":{"rendered":"<p>Angenehm parf\u00fcmiert, entfernt es leicht Schmutz und hinterl\u00e4sst eine weiche Haut. Es ist mit epidermalem Ph. formuliert. Es ist f\u00fcr Schulen, Restaurants, Hotels und Bars geeignet, die in den speziellen Spender aufgenommen werden sollen. (Formeln beim Ministerium f\u00fcr \u00f6ffentliche Gesundheit hinterlegt).<\/p>\n","protected":false},"excerpt":{"rendered":"<p>FL\u00dcSSIGE HANDW\u00c4SCHE<\/p>\n","protected":false},"featured_media":8938,"template":"","meta":{"_acf_changed":false,"_seopress_robots_primary_cat":"","_seopress_titles_title":"","_seopress_titles_desc":"","_seopress_robots_index":"","_seopress_analysis_target_kw":""},"product_brand":[],"product_cat":[204,185],"product_tag":[735],"class_list":{"0":"post-8956","1":"product","2":"type-product","3":"status-publish","4":"has-post-thumbnail","6":"product_cat-handwaschmittel","7":"product_cat-linea-atascar-de","8":"product_tag-zubehor","10":"first","11":"instock","12":"shipping-taxable","13":"product-type-simple"},"acf":[],"_links":{"self":[{"href":"https:\/\/www.atassrl.it\/de\/wp-json\/wp\/v2\/product\/8956","targetHints":{"allow":["GET"]}}],"collection":[{"href":"https:\/\/www.atassrl.it\/de\/wp-json\/wp\/v2\/product"}],"about":[{"href":"https:\/\/www.atassrl.it\/de\/wp-json\/wp\/v2\/types\/product"}],"wp:featuredmedia":[{"embeddable":true,"href":"https:\/\/www.atassrl.it\/de\/wp-json\/wp\/v2\/media\/8938"}],"wp:attachment":[{"href":"https:\/\/www.atassrl.it\/de\/wp-json\/wp\/v2\/media?parent=8956"}],"wp:term":[{"taxonomy":"product_brand","embeddable":true,"href":"https:\/\/www.atassrl.it\/de\/wp-json\/wp\/v2\/product_brand?post=8956"},{"taxonomy":"product_cat","embeddable":true,"href":"https:\/\/www.atassrl.it\/de\/wp-json\/wp\/v2\/product_cat?post=8956"},{"taxonomy":"product_tag","embeddable":true,"href":"https:\/\/www.atassrl.it\/de\/wp-json\/wp\/v2\/product_tag?post=8956"}],"curies":[{"name":"wp","href":"https:\/\/api.w.org\/{rel}","templated":true}]}}