{"id":9072,"date":"2022-07-20T16:11:02","date_gmt":"2022-07-20T14:11:02","guid":{"rendered":"https:\/\/www.atassrl.it\/?post_type=product&#038;p=9072"},"modified":"2022-07-27T18:14:18","modified_gmt":"2022-07-27T16:14:18","slug":"ecoval-21","status":"publish","type":"product","link":"https:\/\/www.atassrl.it\/de\/produkt\/ecoval-21\/","title":{"rendered":"ECOVAL 21"},"content":{"rendered":"<p style=\"font-weight: 400;\">Hochwirksames, konzentriertes, alkalisches Einzelkomponenten-Reinigungsmittel, geeignet f\u00fcr die Fahrzeugw\u00e4sche. Schnell und effektiv bei jeder Art von Schmutz, hinterl\u00e4sst keine R\u00fcckst\u00e4nde und ver\u00e4ndert die behandelten Oberfl\u00e4chen nicht. Es kann auch zum Entfetten von Maschinen verwendet werden. Exzellenter Wert f\u00fcr Geld.<\/p>\n","protected":false},"excerpt":{"rendered":"<div><span lang=\"DE\">VORWASCHMITTEL<\/span><\/div>\n","protected":false},"featured_media":9431,"template":"","meta":{"_acf_changed":false,"_seopress_robots_primary_cat":"","_seopress_titles_title":"","_seopress_titles_desc":"","_seopress_robots_index":"","_seopress_analysis_target_kw":""},"product_brand":[],"product_cat":[355],"product_tag":[],"class_list":{"0":"post-9072","1":"product","2":"type-product","3":"status-publish","4":"has-post-thumbnail","6":"product_cat-mittelstaerkende-vorwaschmittel","8":"first","9":"instock","10":"shipping-taxable","11":"product-type-variable"},"acf":[],"_links":{"self":[{"href":"https:\/\/www.atassrl.it\/de\/wp-json\/wp\/v2\/product\/9072","targetHints":{"allow":["GET"]}}],"collection":[{"href":"https:\/\/www.atassrl.it\/de\/wp-json\/wp\/v2\/product"}],"about":[{"href":"https:\/\/www.atassrl.it\/de\/wp-json\/wp\/v2\/types\/product"}],"wp:featuredmedia":[{"embeddable":true,"href":"https:\/\/www.atassrl.it\/de\/wp-json\/wp\/v2\/media\/9431"}],"wp:attachment":[{"href":"https:\/\/www.atassrl.it\/de\/wp-json\/wp\/v2\/media?parent=9072"}],"wp:term":[{"taxonomy":"product_brand","embeddable":true,"href":"https:\/\/www.atassrl.it\/de\/wp-json\/wp\/v2\/product_brand?post=9072"},{"taxonomy":"product_cat","embeddable":true,"href":"https:\/\/www.atassrl.it\/de\/wp-json\/wp\/v2\/product_cat?post=9072"},{"taxonomy":"product_tag","embeddable":true,"href":"https:\/\/www.atassrl.it\/de\/wp-json\/wp\/v2\/product_tag?post=9072"}],"curies":[{"name":"wp","href":"https:\/\/api.w.org\/{rel}","templated":true}]}}