{"id":9143,"date":"2022-07-21T10:44:27","date_gmt":"2022-07-21T08:44:27","guid":{"rendered":"https:\/\/www.atassrl.it\/?post_type=product&#038;p=9143"},"modified":"2022-10-13T10:40:58","modified_gmt":"2022-10-13T08:40:58","slug":"mirac","status":"publish","type":"product","link":"https:\/\/www.atassrl.it\/de\/produkt\/mirac\/","title":{"rendered":"MIRAC"},"content":{"rendered":"<p style=\"font-weight: 400;\">Konzentriertes Reinigungsmittel speziell f\u00fcr automatische Waschanlagen mit Schaumbogen und &#8222;Kaskade&#8220;. Es erzeugt einen reichhaltigen, angenehm duftenden Schaum mit hoher Reinigungskraft und besonderen Poliereigenschaften. Dank seiner besonderen Formulierung mit saurem pH-Wert ist es ein hervorragendes Hilfsmittel f\u00fcr die Trocknungswirkung des Wachses, da es die Restalkalinit\u00e4t der Vorw\u00e4sche neutralisiert und die Autooberfl\u00e4che optimal auf die Wachsphase vorbereitet. Auch als Shampoo f\u00fcr Nylon- und Carlite-B\u00fcrsten geeignet.<\/p>\n","protected":false},"excerpt":{"rendered":"<p><span data-sheets-value=\"{&quot;1&quot;:2,&quot;2&quot;:&quot;ACTIVE POLISHING FOAM - DRYING AID&quot;}\" data-sheets-userformat=\"{&quot;2&quot;:2819,&quot;3&quot;:{&quot;1&quot;:0},&quot;4&quot;:{&quot;1&quot;:2,&quot;2&quot;:16777215},&quot;11&quot;:4,&quot;12&quot;:0,&quot;14&quot;:{&quot;1&quot;:2,&quot;2&quot;:0}}\">ACTIVE POLISHING FOAM &#8211; DRYING AID<\/span><\/p>\n","protected":false},"featured_media":9481,"template":"","meta":{"_acf_changed":false,"_seopress_robots_primary_cat":"","_seopress_titles_title":"","_seopress_titles_desc":"","_seopress_robots_index":"","_seopress_analysis_target_kw":""},"product_brand":[],"product_cat":[274,396],"product_tag":[],"class_list":{"0":"post-9143","1":"product","2":"type-product","3":"status-publish","4":"has-post-thumbnail","6":"product_cat-linea-atasdet-de","7":"product_cat-wachse-und-vorwachse","9":"first","10":"instock","11":"shipping-taxable","12":"product-type-variable"},"acf":[],"_links":{"self":[{"href":"https:\/\/www.atassrl.it\/de\/wp-json\/wp\/v2\/product\/9143","targetHints":{"allow":["GET"]}}],"collection":[{"href":"https:\/\/www.atassrl.it\/de\/wp-json\/wp\/v2\/product"}],"about":[{"href":"https:\/\/www.atassrl.it\/de\/wp-json\/wp\/v2\/types\/product"}],"wp:featuredmedia":[{"embeddable":true,"href":"https:\/\/www.atassrl.it\/de\/wp-json\/wp\/v2\/media\/9481"}],"wp:attachment":[{"href":"https:\/\/www.atassrl.it\/de\/wp-json\/wp\/v2\/media?parent=9143"}],"wp:term":[{"taxonomy":"product_brand","embeddable":true,"href":"https:\/\/www.atassrl.it\/de\/wp-json\/wp\/v2\/product_brand?post=9143"},{"taxonomy":"product_cat","embeddable":true,"href":"https:\/\/www.atassrl.it\/de\/wp-json\/wp\/v2\/product_cat?post=9143"},{"taxonomy":"product_tag","embeddable":true,"href":"https:\/\/www.atassrl.it\/de\/wp-json\/wp\/v2\/product_tag?post=9143"}],"curies":[{"name":"wp","href":"https:\/\/api.w.org\/{rel}","templated":true}]}}