{"id":9166,"date":"2022-07-21T10:49:50","date_gmt":"2022-07-21T08:49:50","guid":{"rendered":"https:\/\/www.atassrl.it\/?post_type=product&#038;p=9166"},"modified":"2022-10-13T10:42:12","modified_gmt":"2022-10-13T08:42:12","slug":"polish-3b","status":"publish","type":"product","link":"https:\/\/www.atassrl.it\/de\/produkt\/polish-3b\/","title":{"rendered":"POLISH 3B"},"content":{"rendered":"<p style=\"font-weight: 400;\">Hochkonzentriertes parf\u00fcmiertes Schaumprodukt auf Basis spezieller Polymere mit filmbildender und versiegelnder Wirkung auf der Karosserie. Es garantiert eine perfekte Trocknung und ein \u00fcberraschend gl\u00e4nzendes Finish. Alle Fahrzeugoberfl\u00e4chen (Lack, Glas, Kunststoffe, Felgen und Zierleisten) bleiben vor Witterungseinfl\u00fcssen und Schmutz gesch\u00fctzt.<\/p>\n","protected":false},"excerpt":{"rendered":"<p class=\"p1\">POLISH<\/p>\n","protected":false},"featured_media":9491,"template":"","meta":{"_acf_changed":false,"_seopress_robots_primary_cat":"","_seopress_titles_title":"","_seopress_titles_desc":"","_seopress_robots_index":"","_seopress_analysis_target_kw":""},"product_brand":[],"product_cat":[274,396],"product_tag":[],"class_list":{"0":"post-9166","1":"product","2":"type-product","3":"status-publish","4":"has-post-thumbnail","6":"product_cat-linea-atasdet-de","7":"product_cat-wachse-und-vorwachse","9":"first","10":"instock","11":"shipping-taxable","12":"product-type-variable"},"acf":[],"_links":{"self":[{"href":"https:\/\/www.atassrl.it\/de\/wp-json\/wp\/v2\/product\/9166","targetHints":{"allow":["GET"]}}],"collection":[{"href":"https:\/\/www.atassrl.it\/de\/wp-json\/wp\/v2\/product"}],"about":[{"href":"https:\/\/www.atassrl.it\/de\/wp-json\/wp\/v2\/types\/product"}],"wp:featuredmedia":[{"embeddable":true,"href":"https:\/\/www.atassrl.it\/de\/wp-json\/wp\/v2\/media\/9491"}],"wp:attachment":[{"href":"https:\/\/www.atassrl.it\/de\/wp-json\/wp\/v2\/media?parent=9166"}],"wp:term":[{"taxonomy":"product_brand","embeddable":true,"href":"https:\/\/www.atassrl.it\/de\/wp-json\/wp\/v2\/product_brand?post=9166"},{"taxonomy":"product_cat","embeddable":true,"href":"https:\/\/www.atassrl.it\/de\/wp-json\/wp\/v2\/product_cat?post=9166"},{"taxonomy":"product_tag","embeddable":true,"href":"https:\/\/www.atassrl.it\/de\/wp-json\/wp\/v2\/product_tag?post=9166"}],"curies":[{"name":"wp","href":"https:\/\/api.w.org\/{rel}","templated":true}]}}