{"id":9189,"date":"2022-07-21T10:53:20","date_gmt":"2022-07-21T08:53:20","guid":{"rendered":"https:\/\/www.atassrl.it\/?post_type=product&#038;p=9189"},"modified":"2022-10-13T10:44:36","modified_gmt":"2022-10-13T08:44:36","slug":"fasar","status":"publish","type":"product","link":"https:\/\/www.atassrl.it\/de\/produkt\/fasar\/","title":{"rendered":"FASAR"},"content":{"rendered":"<p class=\"p1\">Produkt, das bei der chemischen Trocknung des Wachses hilft. Eine ph-S\u00e4ure eliminiert jede verbleibende Alkalinit\u00e4t der Vorw\u00e4sche und erleichtert dank der antistatischen Eigenschaften ihrer Komponenten die Wirkung des Trocknens des Autos. Die Karosserie wird perfekt trocken, gl\u00e4nzend und vor der Umsiedlung von Schmutz geschu\u0308tzt, so dass nachtr\u00e4gliche W\u00e4sche erleichtert wird. Es hilft auch, die Zahnbu\u0308rsten sauber zu halten.<\/p>\n","protected":false},"excerpt":{"rendered":"<p class=\"p1\"><span data-sheets-value=\"{&quot;1&quot;:2,&quot;2&quot;:&quot;SCH\u00c4UMENDES VORWACHSMITTEL&quot;}\" data-sheets-userformat=\"{&quot;2&quot;:2819,&quot;3&quot;:{&quot;1&quot;:0},&quot;4&quot;:{&quot;1&quot;:2,&quot;2&quot;:16777215},&quot;11&quot;:4,&quot;12&quot;:0,&quot;14&quot;:{&quot;1&quot;:2,&quot;2&quot;:0}}\">SCH\u00c4UMENDES VORWACHSMITTEL<\/span><\/p>\n","protected":false},"featured_media":9496,"template":"","meta":{"_acf_changed":false,"_seopress_robots_primary_cat":"","_seopress_titles_title":"","_seopress_titles_desc":"","_seopress_robots_index":"","_seopress_analysis_target_kw":""},"product_brand":[],"product_cat":[274,396],"product_tag":[],"class_list":{"0":"post-9189","1":"product","2":"type-product","3":"status-publish","4":"has-post-thumbnail","6":"product_cat-linea-atasdet-de","7":"product_cat-wachse-und-vorwachse","9":"first","10":"instock","11":"shipping-taxable","12":"product-type-variable"},"acf":[],"_links":{"self":[{"href":"https:\/\/www.atassrl.it\/de\/wp-json\/wp\/v2\/product\/9189","targetHints":{"allow":["GET"]}}],"collection":[{"href":"https:\/\/www.atassrl.it\/de\/wp-json\/wp\/v2\/product"}],"about":[{"href":"https:\/\/www.atassrl.it\/de\/wp-json\/wp\/v2\/types\/product"}],"wp:featuredmedia":[{"embeddable":true,"href":"https:\/\/www.atassrl.it\/de\/wp-json\/wp\/v2\/media\/9496"}],"wp:attachment":[{"href":"https:\/\/www.atassrl.it\/de\/wp-json\/wp\/v2\/media?parent=9189"}],"wp:term":[{"taxonomy":"product_brand","embeddable":true,"href":"https:\/\/www.atassrl.it\/de\/wp-json\/wp\/v2\/product_brand?post=9189"},{"taxonomy":"product_cat","embeddable":true,"href":"https:\/\/www.atassrl.it\/de\/wp-json\/wp\/v2\/product_cat?post=9189"},{"taxonomy":"product_tag","embeddable":true,"href":"https:\/\/www.atassrl.it\/de\/wp-json\/wp\/v2\/product_tag?post=9189"}],"curies":[{"name":"wp","href":"https:\/\/api.w.org\/{rel}","templated":true}]}}