{"id":9210,"date":"2022-07-21T11:08:50","date_gmt":"2022-07-21T09:08:50","guid":{"rendered":"https:\/\/www.atassrl.it\/?post_type=product&#038;p=9210"},"modified":"2022-10-13T12:12:55","modified_gmt":"2022-10-13T10:12:55","slug":"plak-mat-2","status":"publish","type":"product","link":"https:\/\/www.atassrl.it\/de\/produkt\/plak-mat-2\/","title":{"rendered":"PLAK MAT"},"content":{"rendered":"<p style=\"font-weight: 400;\">Produkt von ausgezeichneter Qualit\u00e4t mit antistatischer Wirkung, weist Staub ab, reinigt, n\u00e4hrt und belebt die Oberfl\u00e4chen ohne Polieren (&#8222;Matt&#8220;-Effekt) und vermeidet st\u00f6rende Lichtreflexe. Anwendung: Aufspr\u00fchen und mit einem weichen Tuch verteilen.<\/p>\n","protected":false},"excerpt":{"rendered":"<div><span lang=\"DE\">REINIGT UND SCH\u00dcTZT DAS ARMATURENBRETT &#8211; MATT-EFFEKT<\/span><\/div>\n","protected":false},"featured_media":9510,"template":"","meta":{"_acf_changed":false,"_seopress_robots_primary_cat":"","_seopress_titles_title":"","_seopress_titles_desc":"","_seopress_robots_index":"","_seopress_analysis_target_kw":""},"product_brand":[],"product_cat":[829,274,407],"product_tag":[],"class_list":{"0":"post-9210","1":"product","2":"type-product","3":"status-publish","4":"has-post-thumbnail","6":"product_cat-innere-polituren","7":"product_cat-linea-atasdet-de","8":"product_cat-schutz-polish","10":"first","11":"instock","12":"shipping-taxable","13":"product-type-simple"},"acf":[],"_links":{"self":[{"href":"https:\/\/www.atassrl.it\/de\/wp-json\/wp\/v2\/product\/9210","targetHints":{"allow":["GET"]}}],"collection":[{"href":"https:\/\/www.atassrl.it\/de\/wp-json\/wp\/v2\/product"}],"about":[{"href":"https:\/\/www.atassrl.it\/de\/wp-json\/wp\/v2\/types\/product"}],"wp:featuredmedia":[{"embeddable":true,"href":"https:\/\/www.atassrl.it\/de\/wp-json\/wp\/v2\/media\/9510"}],"wp:attachment":[{"href":"https:\/\/www.atassrl.it\/de\/wp-json\/wp\/v2\/media?parent=9210"}],"wp:term":[{"taxonomy":"product_brand","embeddable":true,"href":"https:\/\/www.atassrl.it\/de\/wp-json\/wp\/v2\/product_brand?post=9210"},{"taxonomy":"product_cat","embeddable":true,"href":"https:\/\/www.atassrl.it\/de\/wp-json\/wp\/v2\/product_cat?post=9210"},{"taxonomy":"product_tag","embeddable":true,"href":"https:\/\/www.atassrl.it\/de\/wp-json\/wp\/v2\/product_tag?post=9210"}],"curies":[{"name":"wp","href":"https:\/\/api.w.org\/{rel}","templated":true}]}}