{"id":9258,"date":"2022-07-21T16:15:58","date_gmt":"2022-07-21T14:15:58","guid":{"rendered":"https:\/\/www.atassrl.it\/?post_type=product&#038;p=9258"},"modified":"2022-10-10T11:05:31","modified_gmt":"2022-10-10T09:05:31","slug":"lambat","status":"publish","type":"product","link":"https:\/\/www.atassrl.it\/de\/produkt\/lambat\/","title":{"rendered":"LAMBAT"},"content":{"rendered":"<p style=\"font-weight: 400;\">M\u00e4\u00dfig sch\u00e4umendes alkalisches Produkt mit hoher Konzentration, das eine hervorragende Entfettungswirkung mit einer wirksamen bakteriziden (gegen grampositive und gramnegative Organismen) und levuroziden Wirkung kombiniert. Es enth\u00e4lt kein Parf\u00fcm und dank der enthaltenen Sequestrierung beh\u00e4lt es seine Wirksamkeit auch in Gegenwart von hartem Wasser, das reich an Erdalkalisalzen ist. Es kann zur Behandlung von Fu\u00dfb\u00f6den, Fliesen, Wasserh\u00e4hnen, Ger\u00e4ten, Badezimmern in Bars, Restaurants, Fitnessstudios, Hotels, Kantinen usw. verwendet werden. Auch f\u00fcr den Lebensmittelbereich geeignet.<\/p>\n","protected":false},"excerpt":{"rendered":"<div><span lang=\"DE\">DESINFEKTANT MIT BAKTERIZIDER UND HEMMIZIDENDER WIRKUNG<\/span><\/div>\n","protected":false},"featured_media":9552,"template":"","meta":{"_acf_changed":false,"_seopress_robots_primary_cat":"","_seopress_titles_title":"","_seopress_titles_desc":"","_seopress_robots_index":"","_seopress_analysis_target_kw":""},"product_brand":[],"product_cat":[251],"product_tag":[883,887],"class_list":{"0":"post-9258","1":"product","2":"type-product","3":"status-publish","4":"has-post-thumbnail","6":"product_cat-hygienisierende-mittel","7":"product_tag-covid-19-de","8":"product_tag-hygienisierung-de","10":"first","11":"instock","12":"shipping-taxable","13":"product-type-variable"},"acf":[],"_links":{"self":[{"href":"https:\/\/www.atassrl.it\/de\/wp-json\/wp\/v2\/product\/9258","targetHints":{"allow":["GET"]}}],"collection":[{"href":"https:\/\/www.atassrl.it\/de\/wp-json\/wp\/v2\/product"}],"about":[{"href":"https:\/\/www.atassrl.it\/de\/wp-json\/wp\/v2\/types\/product"}],"wp:featuredmedia":[{"embeddable":true,"href":"https:\/\/www.atassrl.it\/de\/wp-json\/wp\/v2\/media\/9552"}],"wp:attachment":[{"href":"https:\/\/www.atassrl.it\/de\/wp-json\/wp\/v2\/media?parent=9258"}],"wp:term":[{"taxonomy":"product_brand","embeddable":true,"href":"https:\/\/www.atassrl.it\/de\/wp-json\/wp\/v2\/product_brand?post=9258"},{"taxonomy":"product_cat","embeddable":true,"href":"https:\/\/www.atassrl.it\/de\/wp-json\/wp\/v2\/product_cat?post=9258"},{"taxonomy":"product_tag","embeddable":true,"href":"https:\/\/www.atassrl.it\/de\/wp-json\/wp\/v2\/product_tag?post=9258"}],"curies":[{"name":"wp","href":"https:\/\/api.w.org\/{rel}","templated":true}]}}