{"id":9276,"date":"2022-07-21T16:33:24","date_gmt":"2022-07-21T14:33:24","guid":{"rendered":"https:\/\/www.atassrl.it\/?post_type=product&#038;p=9276"},"modified":"2022-10-10T11:21:15","modified_gmt":"2022-10-10T09:21:15","slug":"tecnoclim-copia","status":"publish","type":"product","link":"https:\/\/www.atassrl.it\/de\/produkt\/tecnoclim-copia\/","title":{"rendered":"TECNOCLIM (Copia)"},"content":{"rendered":"<p style=\"font-weight: 400;\">Hochwertiges Produkt auf Basis von Monoethylenglykol mit Zusatz eines speziellen Hemmstoffpakets auf Basis von Organ-Carboxylat. Es garantiert einen maximalen Korrosionsschutz aller Komponenten des K\u00fchlkreislaufs von Fahrzeugen der neuesten Generation, die sich sowohl durch h\u00f6here Betriebstemperaturen als auch durch einen gr\u00f6\u00dferen Anteil von Leichtmetallkomponenten (insbesondere Aluminium- und Magnesiumlegierungen) auszeichnen. Es gew\u00e4hrleistet eine hervorragende Leistung bis zu 250.000 km Laufleistung oder 5 Jahre Best\u00e4ndigkeit im K\u00fchlkreislauf. Es reduziert die Bildung von Kalkablagerungen und verbessert den W\u00e4rmeaustausch. Es kann zu allen Jahreszeiten verwendet werden. Es enth\u00e4lt keine Amine, Nitrite, Nitrate, Phosphate. Auf 50 Vol.-% verd\u00fcnnt sch\u00fctzt es bis -38\u00b0C.<\/p>\n<p style=\"font-weight: 400;\">Es erf\u00fcllt oder \u00fcbertrifft die Lieferspezifikationen vieler Hersteller, darunter: Volkswagen, Audi, Seat, Skoda (TL 774 G), Mercedes (MB325.3), Ford ESE M97B49-A), Renault (41-01-001), Crysler ( MS9176), Volvo (REG.-Nr. 260), Opel (GM QL 130100).<\/p>\n","protected":false},"excerpt":{"rendered":"<div><span lang=\"DE\">FROSTSCHUTZFL\u00dcSSIGKEIT F\u00dcR HEIZK\u00d6RPER<\/span><\/div>\n","protected":false},"featured_media":9570,"template":"","meta":{"_acf_changed":false,"_seopress_robots_primary_cat":"","_seopress_titles_title":"","_seopress_titles_desc":"","_seopress_robots_index":"","_seopress_analysis_target_kw":""},"product_brand":[],"product_cat":[274,343],"product_tag":[],"class_list":{"0":"post-9276","1":"product","2":"type-product","3":"status-publish","4":"has-post-thumbnail","6":"product_cat-linea-atasdet-de","7":"product_cat-machinengeschaeft","9":"first","10":"instock","11":"shipping-taxable","12":"product-type-variable"},"acf":[],"_links":{"self":[{"href":"https:\/\/www.atassrl.it\/de\/wp-json\/wp\/v2\/product\/9276","targetHints":{"allow":["GET"]}}],"collection":[{"href":"https:\/\/www.atassrl.it\/de\/wp-json\/wp\/v2\/product"}],"about":[{"href":"https:\/\/www.atassrl.it\/de\/wp-json\/wp\/v2\/types\/product"}],"wp:featuredmedia":[{"embeddable":true,"href":"https:\/\/www.atassrl.it\/de\/wp-json\/wp\/v2\/media\/9570"}],"wp:attachment":[{"href":"https:\/\/www.atassrl.it\/de\/wp-json\/wp\/v2\/media?parent=9276"}],"wp:term":[{"taxonomy":"product_brand","embeddable":true,"href":"https:\/\/www.atassrl.it\/de\/wp-json\/wp\/v2\/product_brand?post=9276"},{"taxonomy":"product_cat","embeddable":true,"href":"https:\/\/www.atassrl.it\/de\/wp-json\/wp\/v2\/product_cat?post=9276"},{"taxonomy":"product_tag","embeddable":true,"href":"https:\/\/www.atassrl.it\/de\/wp-json\/wp\/v2\/product_tag?post=9276"}],"curies":[{"name":"wp","href":"https:\/\/api.w.org\/{rel}","templated":true}]}}