{"id":9307,"date":"2022-07-21T16:40:46","date_gmt":"2022-07-21T14:40:46","guid":{"rendered":"https:\/\/www.atassrl.it\/?post_type=product&#038;p=9307"},"modified":"2022-10-10T11:15:05","modified_gmt":"2022-10-10T09:15:05","slug":"tecnoclim-rw-g13-2","status":"publish","type":"product","link":"https:\/\/www.atassrl.it\/de\/produkt\/tecnoclim-rw-g13-2\/","title":{"rendered":"TECNOCLIM RW G13"},"content":{"rendered":"<p style=\"font-weight: 400;\">Basierend auf hochwertigem Monoethylenglykol mit Additiv mit einem Inhibitorpaket mit 100 % silanisierter organischer S\u00e4uretechnologie garantiert es maximalen Korrosionsschutz in den K\u00fchlkreisl\u00e4ufen von Fahrzeugen der neuesten Generation, die sich durch hohe Betriebstemperaturen und das gr\u00f6\u00dfere Vorhandensein von Komponenten aus Aluminiumlegierungen auszeichnen und vor allem Magnesium. Es bietet ein hohes Ma\u00df an Frost-, Verdunstungs-, Korrosions- und Kalkschutz f\u00fcr den gesamten K\u00fchlkreislauf und verl\u00e4ngert die Lebensdauer von Pumpen, Thermostaten, Kan\u00e4len, Dichtungen, Schl\u00e4uchen und K\u00fchlern. Es garantiert eine hervorragende Leistung bis zu 250.000 km oder 5 Jahre Best\u00e4ndigkeit im K\u00fchlkreislauf. Eine weitere wichtige Tatsache ist der Respekt vor der Umwelt, denn da es etwa 20 % Glycerin enth\u00e4lt, reduziert es die CO2-Emissionen. Es kann zu allen Jahreszeiten verwendet werden. Es enth\u00e4lt keine Amine, Nitrite, Nitrate, Phosphate (NAP-frei). Auf 50 Vol.-% verd\u00fcnnt sch\u00fctzt es bis -38\u00b0C. Erf\u00fcllt bzw. \u00fcbertrifft die TL 774 J Liefervorgaben vieler Automobilhersteller.<\/p>\n","protected":false},"excerpt":{"rendered":"<div><span lang=\"DE\">FROSTSCHUTZFL\u00dcSSIGKEIT F\u00dcR HEIZK\u00d6RPER<\/span><\/div>\n","protected":false},"featured_media":9565,"template":"","meta":{"_acf_changed":false,"_seopress_robots_primary_cat":"","_seopress_titles_title":"","_seopress_titles_desc":"","_seopress_robots_index":"","_seopress_analysis_target_kw":""},"product_brand":[],"product_cat":[274,343],"product_tag":[],"class_list":{"0":"post-9307","1":"product","2":"type-product","3":"status-publish","4":"has-post-thumbnail","6":"product_cat-linea-atasdet-de","7":"product_cat-machinengeschaeft","9":"first","10":"instock","11":"shipping-taxable","12":"product-type-variable"},"acf":[],"_links":{"self":[{"href":"https:\/\/www.atassrl.it\/de\/wp-json\/wp\/v2\/product\/9307","targetHints":{"allow":["GET"]}}],"collection":[{"href":"https:\/\/www.atassrl.it\/de\/wp-json\/wp\/v2\/product"}],"about":[{"href":"https:\/\/www.atassrl.it\/de\/wp-json\/wp\/v2\/types\/product"}],"wp:featuredmedia":[{"embeddable":true,"href":"https:\/\/www.atassrl.it\/de\/wp-json\/wp\/v2\/media\/9565"}],"wp:attachment":[{"href":"https:\/\/www.atassrl.it\/de\/wp-json\/wp\/v2\/media?parent=9307"}],"wp:term":[{"taxonomy":"product_brand","embeddable":true,"href":"https:\/\/www.atassrl.it\/de\/wp-json\/wp\/v2\/product_brand?post=9307"},{"taxonomy":"product_cat","embeddable":true,"href":"https:\/\/www.atassrl.it\/de\/wp-json\/wp\/v2\/product_cat?post=9307"},{"taxonomy":"product_tag","embeddable":true,"href":"https:\/\/www.atassrl.it\/de\/wp-json\/wp\/v2\/product_tag?post=9307"}],"curies":[{"name":"wp","href":"https:\/\/api.w.org\/{rel}","templated":true}]}}