{"id":9338,"date":"2022-07-21T16:45:37","date_gmt":"2022-07-21T14:45:37","guid":{"rendered":"https:\/\/www.atassrl.it\/?post_type=product&#038;p=9338"},"modified":"2022-10-10T11:56:04","modified_gmt":"2022-10-10T09:56:04","slug":"tecnoclim-hybrid-2","status":"publish","type":"product","link":"https:\/\/www.atassrl.it\/de\/produkt\/tecnoclim-hybrid-2\/","title":{"rendered":"TECNOCLIM HYBRID"},"content":{"rendered":"<p class=\"p1\">Frostschutzmittel auf Ethylenglykolbasis mit OAT (Organic Acid Technology) Korrosionsinhibitoren mit niedrigem Phosphatgehalt. Es zeichnet sich durch eine extrem lange Lebensdauer aus und enth\u00e4lt keine Borate, Nitrite, Nitrate, Amine und Silikate.<br \/>\nDie Formulierung ist perfekt ausbalanciert, um einen dauerhaften Schutz gegen alle Metalle im K\u00fchlsystem zu gew\u00e4hrleisten, insbesondere Aluminiumlegierungen und Leichtmetalle, die in Motoren der neuesten Generation, einschlie\u00dflich Hybrid- und Elektromotoren, vorhanden sind.<br \/>\nEs garantiert die richtige Betriebstemperatur von Elektromotor, Generator, Batterien, Wechselrichter und E-CVT-Getriebe. Es verursacht keine Verkrustungen und sch\u00e4umt nicht.<br \/>\nAuf 50 Vol.-% mit demineralisiertem Wasser verd\u00fcnnt, sch\u00fctzt es bis -39\u00b0C.<br \/>\nErf\u00fcllt die folgenden Spezifikationen: Toyota TSK 2601G-8 &#8211; Mazda MES 121 C-FL22<\/p>\n","protected":false},"excerpt":{"rendered":"<div><span lang=\"DE\">FROSTSCHUTZFL\u00dcSSIGKEIT F\u00dcR HYBRID- UND ELEKTROMOTOREN<\/span><\/div>\n","protected":false},"featured_media":9575,"template":"","meta":{"_acf_changed":false,"_seopress_robots_primary_cat":"","_seopress_titles_title":"","_seopress_titles_desc":"","_seopress_robots_index":"","_seopress_analysis_target_kw":""},"product_brand":[],"product_cat":[274,343],"product_tag":[],"class_list":{"0":"post-9338","1":"product","2":"type-product","3":"status-publish","4":"has-post-thumbnail","6":"product_cat-linea-atasdet-de","7":"product_cat-machinengeschaeft","9":"first","10":"instock","11":"shipping-taxable","12":"product-type-variable"},"acf":[],"_links":{"self":[{"href":"https:\/\/www.atassrl.it\/de\/wp-json\/wp\/v2\/product\/9338","targetHints":{"allow":["GET"]}}],"collection":[{"href":"https:\/\/www.atassrl.it\/de\/wp-json\/wp\/v2\/product"}],"about":[{"href":"https:\/\/www.atassrl.it\/de\/wp-json\/wp\/v2\/types\/product"}],"wp:featuredmedia":[{"embeddable":true,"href":"https:\/\/www.atassrl.it\/de\/wp-json\/wp\/v2\/media\/9575"}],"wp:attachment":[{"href":"https:\/\/www.atassrl.it\/de\/wp-json\/wp\/v2\/media?parent=9338"}],"wp:term":[{"taxonomy":"product_brand","embeddable":true,"href":"https:\/\/www.atassrl.it\/de\/wp-json\/wp\/v2\/product_brand?post=9338"},{"taxonomy":"product_cat","embeddable":true,"href":"https:\/\/www.atassrl.it\/de\/wp-json\/wp\/v2\/product_cat?post=9338"},{"taxonomy":"product_tag","embeddable":true,"href":"https:\/\/www.atassrl.it\/de\/wp-json\/wp\/v2\/product_tag?post=9338"}],"curies":[{"name":"wp","href":"https:\/\/api.w.org\/{rel}","templated":true}]}}