{"id":9391,"date":"2022-07-21T18:55:58","date_gmt":"2022-07-21T16:55:58","guid":{"rendered":"https:\/\/www.atassrl.it\/?post_type=product&#038;p=9391"},"modified":"2022-10-10T16:32:11","modified_gmt":"2022-10-10T14:32:11","slug":"dalmec-2","status":"publish","type":"product","link":"https:\/\/www.atassrl.it\/de\/produkt\/dalmec-2\/","title":{"rendered":"DALMEC"},"content":{"rendered":"<p style=\"font-weight: 400;\">Professionelles Reinigungsmittel zum Entfetten und Reinigen von an Fahrzeugen montierten Motoren und mechanischen Teilen im Allgemeinen. Auf Wasserbasis entfernt es dank eines starken alkalischen Schaums effektiv Schlamm und fettige R\u00fcckst\u00e4nde, ohne R\u00fcckst\u00e4nde zu hinterlassen. Es hat einen angenehmen Duft, enth\u00e4lt keine L\u00f6sungsmittel auf Erd\u00f6lbasis und l\u00e4sst sich leicht aussp\u00fclen.<\/p>\n","protected":false},"excerpt":{"rendered":"<div><span lang=\"DE\">ENTFETTER AUF WASSERBASIS F\u00dcR MECHANISCHE TEILE UND MOTORREINIGER<\/span><\/div>\n","protected":false},"featured_media":9591,"template":"","meta":{"_acf_changed":false,"_seopress_robots_primary_cat":"","_seopress_titles_title":"","_seopress_titles_desc":"","_seopress_robots_index":"","_seopress_analysis_target_kw":""},"product_brand":[],"product_cat":[274,343,339],"product_tag":[],"class_list":{"0":"post-9391","1":"product","2":"type-product","3":"status-publish","4":"has-post-thumbnail","6":"product_cat-linea-atasdet-de","7":"product_cat-machinengeschaeft","8":"product_cat-motorwaschmittel","10":"first","11":"instock","12":"shipping-taxable","13":"product-type-variable"},"acf":[],"_links":{"self":[{"href":"https:\/\/www.atassrl.it\/de\/wp-json\/wp\/v2\/product\/9391","targetHints":{"allow":["GET"]}}],"collection":[{"href":"https:\/\/www.atassrl.it\/de\/wp-json\/wp\/v2\/product"}],"about":[{"href":"https:\/\/www.atassrl.it\/de\/wp-json\/wp\/v2\/types\/product"}],"wp:featuredmedia":[{"embeddable":true,"href":"https:\/\/www.atassrl.it\/de\/wp-json\/wp\/v2\/media\/9591"}],"wp:attachment":[{"href":"https:\/\/www.atassrl.it\/de\/wp-json\/wp\/v2\/media?parent=9391"}],"wp:term":[{"taxonomy":"product_brand","embeddable":true,"href":"https:\/\/www.atassrl.it\/de\/wp-json\/wp\/v2\/product_brand?post=9391"},{"taxonomy":"product_cat","embeddable":true,"href":"https:\/\/www.atassrl.it\/de\/wp-json\/wp\/v2\/product_cat?post=9391"},{"taxonomy":"product_tag","embeddable":true,"href":"https:\/\/www.atassrl.it\/de\/wp-json\/wp\/v2\/product_tag?post=9391"}],"curies":[{"name":"wp","href":"https:\/\/api.w.org\/{rel}","templated":true}]}}