{"id":9422,"date":"2022-07-22T08:43:25","date_gmt":"2022-07-22T06:43:25","guid":{"rendered":"https:\/\/www.atassrl.it\/?post_type=product&#038;p=9422"},"modified":"2022-10-11T17:20:37","modified_gmt":"2022-10-11T15:20:37","slug":"makynano","status":"publish","type":"product","link":"https:\/\/www.atassrl.it\/de\/produkt\/makynano\/","title":{"rendered":"MAKYNANO"},"content":{"rendered":"<p style=\"font-weight: 400;\">Silikonemulsion mit Bestandteilen, die in die Nanotechnologie fallen. Angesichts der verschwindend kleinen Partikelgr\u00f6\u00dfe ist es ratsam, in besonders luftigen Umgebungen zu arbeiten, um eine Aufnahme durch Einatmen zu vermeiden. Es l\u00e4sst sich auch kalt verd\u00fcnnen und verarbeiten.<\/p>\n","protected":false},"excerpt":{"rendered":"<div><span lang=\"EN-US\">NANOTECHNOLOGISCHE AUFHELLENDE POLITUR<\/span><\/div>\n","protected":false},"featured_media":9611,"template":"","meta":{"_acf_changed":false,"_seopress_robots_primary_cat":"","_seopress_titles_title":"","_seopress_titles_desc":"","_seopress_robots_index":"","_seopress_analysis_target_kw":""},"product_brand":[],"product_cat":[281,274],"product_tag":[],"class_list":{"0":"post-9422","1":"product","2":"type-product","3":"status-publish","4":"has-post-thumbnail","6":"product_cat-auto-karosserie","7":"product_cat-linea-atasdet-de","9":"first","10":"instock","11":"shipping-taxable","12":"product-type-simple"},"acf":[],"_links":{"self":[{"href":"https:\/\/www.atassrl.it\/de\/wp-json\/wp\/v2\/product\/9422","targetHints":{"allow":["GET"]}}],"collection":[{"href":"https:\/\/www.atassrl.it\/de\/wp-json\/wp\/v2\/product"}],"about":[{"href":"https:\/\/www.atassrl.it\/de\/wp-json\/wp\/v2\/types\/product"}],"wp:featuredmedia":[{"embeddable":true,"href":"https:\/\/www.atassrl.it\/de\/wp-json\/wp\/v2\/media\/9611"}],"wp:attachment":[{"href":"https:\/\/www.atassrl.it\/de\/wp-json\/wp\/v2\/media?parent=9422"}],"wp:term":[{"taxonomy":"product_brand","embeddable":true,"href":"https:\/\/www.atassrl.it\/de\/wp-json\/wp\/v2\/product_brand?post=9422"},{"taxonomy":"product_cat","embeddable":true,"href":"https:\/\/www.atassrl.it\/de\/wp-json\/wp\/v2\/product_cat?post=9422"},{"taxonomy":"product_tag","embeddable":true,"href":"https:\/\/www.atassrl.it\/de\/wp-json\/wp\/v2\/product_tag?post=9422"}],"curies":[{"name":"wp","href":"https:\/\/api.w.org\/{rel}","templated":true}]}}