{"id":9470,"date":"2019-12-06T14:51:12","date_gmt":"2019-12-06T13:51:12","guid":{"rendered":"https:\/\/www.atassrl.it\/prodotto\/lasac\/"},"modified":"2019-12-06T14:51:12","modified_gmt":"2019-12-06T13:51:12","slug":"lasac","status":"publish","type":"product","link":"https:\/\/www.atassrl.it\/de\/produkt\/lasac\/","title":{"rendered":"LASAC"},"content":{"rendered":"<p style=\"font-weight: 400;\">Reinigt und poliert alle Oberfl\u00e4chen von Autos und Motorr\u00e4dern ohne Verwendung von Wasser. Seine besondere Zusammensetzung sorgt f\u00fcr ein gl\u00e4nzendes Finish und hinterl\u00e4sst eine antistatische Schicht mit wasserabweisender Wirkung, die die Wiederablagerung von Schmutz verz\u00f6gert. Schnell wirkend entfernt es Fett, Smog und Insektenr\u00fcckst\u00e4nde sowie Vogelkot. Es enth\u00e4lt keine Silikone.<\/p>\n","protected":false},"excerpt":{"rendered":"<div><span lang=\"DE\">WASSERLOSES WASCHMITTEL<\/span><\/div>\n","protected":false},"featured_media":9471,"template":"","meta":{"_acf_changed":false,"_seopress_robots_primary_cat":"","_seopress_titles_title":"","_seopress_titles_desc":"","_seopress_robots_index":"","_seopress_analysis_target_kw":""},"product_brand":[],"product_cat":[355],"product_tag":[],"class_list":{"0":"post-9470","1":"product","2":"type-product","3":"status-publish","4":"has-post-thumbnail","6":"product_cat-mittelstaerkende-vorwaschmittel","8":"first","9":"instock","10":"shipping-taxable","11":"product-type-simple"},"acf":[],"_links":{"self":[{"href":"https:\/\/www.atassrl.it\/de\/wp-json\/wp\/v2\/product\/9470","targetHints":{"allow":["GET"]}}],"collection":[{"href":"https:\/\/www.atassrl.it\/de\/wp-json\/wp\/v2\/product"}],"about":[{"href":"https:\/\/www.atassrl.it\/de\/wp-json\/wp\/v2\/types\/product"}],"wp:featuredmedia":[{"embeddable":true,"href":"https:\/\/www.atassrl.it\/de\/wp-json\/wp\/v2\/media\/9471"}],"wp:attachment":[{"href":"https:\/\/www.atassrl.it\/de\/wp-json\/wp\/v2\/media?parent=9470"}],"wp:term":[{"taxonomy":"product_brand","embeddable":true,"href":"https:\/\/www.atassrl.it\/de\/wp-json\/wp\/v2\/product_brand?post=9470"},{"taxonomy":"product_cat","embeddable":true,"href":"https:\/\/www.atassrl.it\/de\/wp-json\/wp\/v2\/product_cat?post=9470"},{"taxonomy":"product_tag","embeddable":true,"href":"https:\/\/www.atassrl.it\/de\/wp-json\/wp\/v2\/product_tag?post=9470"}],"curies":[{"name":"wp","href":"https:\/\/api.w.org\/{rel}","templated":true}]}}