{"id":9515,"date":"2019-12-06T14:49:12","date_gmt":"2019-12-06T13:49:12","guid":{"rendered":"https:\/\/www.atassrl.it\/prodotto\/linsect\/"},"modified":"2019-12-06T14:49:12","modified_gmt":"2019-12-06T13:49:12","slug":"linsect","status":"publish","type":"product","link":"https:\/\/www.atassrl.it\/de\/produkt\/linsect\/","title":{"rendered":"LINSECT"},"content":{"rendered":"<p style=\"font-weight: 400;\">Fl\u00fcssiges Reinigungsmittel mit weichmachender Wirkung gegen Schmutz, der durch die mechanische Wirkung des Hochdruckreinigers dauerhaft entfernt wird, geeignet zur gr\u00fcndlichen Reinigung der Karosserie, insbesondere des unteren Teils, und der Felgen von Fett und Oxyd. Besonders in der Sommersaison empfiehlt es sich, auf gek\u00fchlten Fl\u00e4chen zu arbeiten. Vermeiden Sie bei geringen Verd\u00fcnnungen l\u00e4ngeren Kontakt mit Aluminium und seinen Legierungen.<\/p>\n","protected":false},"excerpt":{"rendered":"<div><span lang=\"DE\">STARKER INSEKTENENTFERNER<\/span><\/div>\n","protected":false},"featured_media":9503,"template":"","meta":{"_acf_changed":false,"_seopress_robots_primary_cat":"","_seopress_titles_title":"","_seopress_titles_desc":"","_seopress_robots_index":"","_seopress_analysis_target_kw":""},"product_brand":[],"product_cat":[274,355],"product_tag":[],"class_list":{"0":"post-9515","1":"product","2":"type-product","3":"status-publish","4":"has-post-thumbnail","6":"product_cat-linea-atasdet-de","7":"product_cat-mittelstaerkende-vorwaschmittel","9":"first","10":"instock","11":"shipping-taxable","12":"product-type-variable"},"acf":[],"_links":{"self":[{"href":"https:\/\/www.atassrl.it\/de\/wp-json\/wp\/v2\/product\/9515","targetHints":{"allow":["GET"]}}],"collection":[{"href":"https:\/\/www.atassrl.it\/de\/wp-json\/wp\/v2\/product"}],"about":[{"href":"https:\/\/www.atassrl.it\/de\/wp-json\/wp\/v2\/types\/product"}],"wp:featuredmedia":[{"embeddable":true,"href":"https:\/\/www.atassrl.it\/de\/wp-json\/wp\/v2\/media\/9503"}],"wp:attachment":[{"href":"https:\/\/www.atassrl.it\/de\/wp-json\/wp\/v2\/media?parent=9515"}],"wp:term":[{"taxonomy":"product_brand","embeddable":true,"href":"https:\/\/www.atassrl.it\/de\/wp-json\/wp\/v2\/product_brand?post=9515"},{"taxonomy":"product_cat","embeddable":true,"href":"https:\/\/www.atassrl.it\/de\/wp-json\/wp\/v2\/product_cat?post=9515"},{"taxonomy":"product_tag","embeddable":true,"href":"https:\/\/www.atassrl.it\/de\/wp-json\/wp\/v2\/product_tag?post=9515"}],"curies":[{"name":"wp","href":"https:\/\/api.w.org\/{rel}","templated":true}]}}