{"id":2730,"date":"2019-07-04T15:39:50","date_gmt":"2019-07-04T13:39:50","guid":{"rendered":"http:\/\/atas.devsrvr.net\/prodotto\/waxy-cream\/"},"modified":"2022-07-01T17:02:09","modified_gmt":"2022-07-01T15:02:09","slug":"waxy-cream","status":"publish","type":"product","link":"https:\/\/www.atassrl.it\/es\/prodotto\/waxy-cream\/","title":{"rendered":"WAXY CREAM"},"content":{"rendered":"<div class=\"page\" title=\"Page 13\">\n<div class=\"layoutArea\">\n<div class=\"column\">\n<p style=\"font-weight: 400;\">Con un alto contenido en ceras y siliconas, elimina la oxidaci\u00f3n y la opacidad de las carrocer\u00edas de autom\u00f3viles y motocicletas. Deja una pel\u00edcula protectora delgada y duradera que protege contra la lluvia \u00e1cida, el smog y la luz solar. Asegura un resultado brillante.<\/p>\n<\/div>\n<\/div>\n<\/div>\n","protected":false},"excerpt":{"rendered":"<div class=\"page\" title=\"Page 13\">\n<div class=\"layoutArea\">\n<div class=\"column\">\n<p style=\"font-weight: 400;\"><strong>CREMA PULIDORA PROTECTORA<\/strong><\/p>\n<\/div>\n<\/div>\n<\/div>\n","protected":false},"featured_media":8068,"template":"","meta":{"_acf_changed":false,"_seopress_robots_primary_cat":"","_seopress_titles_title":"","_seopress_titles_desc":"","_seopress_robots_index":"","_seopress_analysis_target_kw":""},"product_brand":[],"product_cat":[186],"product_tag":[],"class_list":{"0":"post-2730","1":"product","2":"type-product","3":"status-publish","4":"has-post-thumbnail","6":"product_cat-linea-atascar-es","8":"first","9":"instock","10":"shipping-taxable","11":"product-type-simple"},"acf":[],"_links":{"self":[{"href":"https:\/\/www.atassrl.it\/es\/wp-json\/wp\/v2\/product\/2730","targetHints":{"allow":["GET"]}}],"collection":[{"href":"https:\/\/www.atassrl.it\/es\/wp-json\/wp\/v2\/product"}],"about":[{"href":"https:\/\/www.atassrl.it\/es\/wp-json\/wp\/v2\/types\/product"}],"wp:featuredmedia":[{"embeddable":true,"href":"https:\/\/www.atassrl.it\/es\/wp-json\/wp\/v2\/media\/8068"}],"wp:attachment":[{"href":"https:\/\/www.atassrl.it\/es\/wp-json\/wp\/v2\/media?parent=2730"}],"wp:term":[{"taxonomy":"product_brand","embeddable":true,"href":"https:\/\/www.atassrl.it\/es\/wp-json\/wp\/v2\/product_brand?post=2730"},{"taxonomy":"product_cat","embeddable":true,"href":"https:\/\/www.atassrl.it\/es\/wp-json\/wp\/v2\/product_cat?post=2730"},{"taxonomy":"product_tag","embeddable":true,"href":"https:\/\/www.atassrl.it\/es\/wp-json\/wp\/v2\/product_tag?post=2730"}],"curies":[{"name":"wp","href":"https:\/\/api.w.org\/{rel}","templated":true}]}}