{"id":2794,"date":"2019-07-04T16:22:22","date_gmt":"2019-07-04T14:22:22","guid":{"rendered":"http:\/\/atas.devsrvr.net\/prodotto\/deore\/"},"modified":"2022-07-06T16:26:10","modified_gmt":"2022-07-06T14:26:10","slug":"deore","status":"publish","type":"product","link":"https:\/\/www.atassrl.it\/es\/prodotto\/deore\/","title":{"rendered":"DEOR\u00c8"},"content":{"rendered":"<div class=\"page\" title=\"Page 16\">\n<div class=\"section\">\n<div class=\"layoutArea\">\n<div class=\"column\">\n<p style=\"font-weight: 400;\">Desodorante concentrado de larga duraci\u00f3n, apto para veh\u00edculos, hogar y oficinas. Para ser rociado en peque\u00f1as dosis sobre alfombras, tapizados y en los rincones de ba\u00f1os, oficinas y ambientes en general.<\/p>\n<\/div>\n<\/div>\n<\/div>\n<\/div>\n","protected":false},"excerpt":{"rendered":"<div class=\"page\" title=\"Page 16\">\n<div class=\"section\">\n<div class=\"layoutArea\">\n<div class=\"column\">\n<div><b><span lang=\"ES\">DESODORIZADOR DE AMBIENTES CONCENTRADO<\/span><\/b><\/div>\n<\/div>\n<\/div>\n<\/div>\n<\/div>\n","protected":false},"featured_media":8830,"template":"","meta":{"_acf_changed":false,"_seopress_robots_primary_cat":"","_seopress_titles_title":"","_seopress_titles_desc":"","_seopress_robots_index":"","_seopress_analysis_target_kw":""},"product_brand":[],"product_cat":[186],"product_tag":[],"class_list":{"0":"post-2794","1":"product","2":"type-product","3":"status-publish","4":"has-post-thumbnail","6":"product_cat-linea-atascar-es","8":"first","9":"instock","10":"shipping-taxable","11":"product-type-variable"},"acf":[],"_links":{"self":[{"href":"https:\/\/www.atassrl.it\/es\/wp-json\/wp\/v2\/product\/2794","targetHints":{"allow":["GET"]}}],"collection":[{"href":"https:\/\/www.atassrl.it\/es\/wp-json\/wp\/v2\/product"}],"about":[{"href":"https:\/\/www.atassrl.it\/es\/wp-json\/wp\/v2\/types\/product"}],"wp:featuredmedia":[{"embeddable":true,"href":"https:\/\/www.atassrl.it\/es\/wp-json\/wp\/v2\/media\/8830"}],"wp:attachment":[{"href":"https:\/\/www.atassrl.it\/es\/wp-json\/wp\/v2\/media?parent=2794"}],"wp:term":[{"taxonomy":"product_brand","embeddable":true,"href":"https:\/\/www.atassrl.it\/es\/wp-json\/wp\/v2\/product_brand?post=2794"},{"taxonomy":"product_cat","embeddable":true,"href":"https:\/\/www.atassrl.it\/es\/wp-json\/wp\/v2\/product_cat?post=2794"},{"taxonomy":"product_tag","embeddable":true,"href":"https:\/\/www.atassrl.it\/es\/wp-json\/wp\/v2\/product_tag?post=2794"}],"curies":[{"name":"wp","href":"https:\/\/api.w.org\/{rel}","templated":true}]}}