{"id":2824,"date":"2019-07-04T16:37:22","date_gmt":"2019-07-04T14:37:22","guid":{"rendered":"http:\/\/atas.devsrvr.net\/prodotto\/rif\/"},"modified":"2022-07-04T18:08:30","modified_gmt":"2022-07-04T16:08:30","slug":"rif","status":"publish","type":"product","link":"https:\/\/www.atassrl.it\/es\/prodotto\/rif\/","title":{"rendered":"RIF"},"content":{"rendered":"<div class=\"page\" title=\"Page 18\">\n<div class=\"section\">\n<div class=\"layoutArea\">\n<div class=\"column\">\n<p style=\"font-weight: 400;\">Mejora la atomizaci\u00f3n de los inyectores optimizando la combusti\u00f3n, reduce los humos, contrarresta la formaci\u00f3n de part\u00edculas que se depositar\u00edan en el filtro de part\u00edculas (FAP), salvaguardando as\u00ed su duraci\u00f3n. Elimina cualquier residuo de la c\u00e1mara de combusti\u00f3n, manteni\u00e9ndola limpia y eficiente. Aumenta el n\u00famero de cetanos, regula la combusti\u00f3n y elimina los fen\u00f3menos de preencendido, mejorando el rendimiento y la potencia del motor. Evita la formaci\u00f3n de lodos, reduce el consumo, facilita los arranques en fr\u00edo y aten\u00faa el ruido. Con alto poder lubricante, mejora el desempe\u00f1o de los combustibles.<\/p>\n<\/div>\n<\/div>\n<\/div>\n<\/div>\n","protected":false},"excerpt":{"rendered":"<div class=\"page\" title=\"Page 18\">\n<div class=\"section\">\n<div class=\"layoutArea\">\n<div class=\"column\">\n<div><b><span lang=\"ES\">LIMPIADOR PARA SISTEMA DE ALIMENTACION DE MOTORES DIESEL<\/span><\/b><\/div>\n<\/div>\n<\/div>\n<\/div>\n<\/div>\n","protected":false},"featured_media":8688,"template":"","meta":{"_acf_changed":false,"_seopress_robots_primary_cat":"","_seopress_titles_title":"","_seopress_titles_desc":"","_seopress_robots_index":"","_seopress_analysis_target_kw":""},"product_brand":[],"product_cat":[186],"product_tag":[],"class_list":{"0":"post-2824","1":"product","2":"type-product","3":"status-publish","4":"has-post-thumbnail","6":"product_cat-linea-atascar-es","8":"first","9":"instock","10":"shipping-taxable","11":"product-type-simple"},"acf":[],"_links":{"self":[{"href":"https:\/\/www.atassrl.it\/es\/wp-json\/wp\/v2\/product\/2824","targetHints":{"allow":["GET"]}}],"collection":[{"href":"https:\/\/www.atassrl.it\/es\/wp-json\/wp\/v2\/product"}],"about":[{"href":"https:\/\/www.atassrl.it\/es\/wp-json\/wp\/v2\/types\/product"}],"wp:featuredmedia":[{"embeddable":true,"href":"https:\/\/www.atassrl.it\/es\/wp-json\/wp\/v2\/media\/8688"}],"wp:attachment":[{"href":"https:\/\/www.atassrl.it\/es\/wp-json\/wp\/v2\/media?parent=2824"}],"wp:term":[{"taxonomy":"product_brand","embeddable":true,"href":"https:\/\/www.atassrl.it\/es\/wp-json\/wp\/v2\/product_brand?post=2824"},{"taxonomy":"product_cat","embeddable":true,"href":"https:\/\/www.atassrl.it\/es\/wp-json\/wp\/v2\/product_cat?post=2824"},{"taxonomy":"product_tag","embeddable":true,"href":"https:\/\/www.atassrl.it\/es\/wp-json\/wp\/v2\/product_tag?post=2824"}],"curies":[{"name":"wp","href":"https:\/\/api.w.org\/{rel}","templated":true}]}}