{"id":2836,"date":"2019-07-04T17:01:08","date_gmt":"2019-07-04T15:01:08","guid":{"rendered":"http:\/\/atas.devsrvr.net\/prodotto\/siger-bs200\/"},"modified":"2022-07-04T18:06:55","modified_gmt":"2022-07-04T16:06:55","slug":"siger-bs200","status":"publish","type":"product","link":"https:\/\/www.atassrl.it\/es\/prodotto\/siger-bs200\/","title":{"rendered":"SIGER BS200"},"content":{"rendered":"<p style=\"font-weight: 400;\">Espec\u00edfico para aplicaciones automotrices, agr\u00edcolas e industriales. Alta resistencia al aceite y alta flexibilidad, no da\u00f1a las sondas lambda ni los catalizadores. Resistente a grasas, glicoles, \u00e1cidos, gasolina, vapor y agua. Usos t\u00edpicos: juntas de culata, c\u00e1rter de aceite, tapa de taqu\u00e9s, colector de admisi\u00f3n, caja de cambios, tapa de diferencial, bomba de agua, termostato, accesorios hidr\u00e1ulicos y tuber\u00edas. Instrucciones de uso: aplicar una capa uniforme sobre superficies limpias y secas. Esperar 15\/20 minutos antes de proceder al montaje. Se puede utilizar junto con juntas preformadas para mejorar su capacidad de sellado.<\/p>\n","protected":false},"excerpt":{"rendered":"<div class=\"page\" title=\"Page 19\">\n<div class=\"section\">\n<div class=\"layoutArea\">\n<div class=\"column\">\n<div><b><span lang=\"ES\">PASTA SELLADORA DE SILICONA<\/span><\/b><\/div>\n<\/div>\n<\/div>\n<\/div>\n<\/div>\n","protected":false},"featured_media":8672,"template":"","meta":{"_acf_changed":false,"_seopress_robots_primary_cat":"","_seopress_titles_title":"","_seopress_titles_desc":"","_seopress_robots_index":"","_seopress_analysis_target_kw":""},"product_brand":[],"product_cat":[186],"product_tag":[],"class_list":{"0":"post-2836","1":"product","2":"type-product","3":"status-publish","4":"has-post-thumbnail","6":"product_cat-linea-atascar-es","8":"first","9":"instock","10":"shipping-taxable","11":"product-type-variable"},"acf":[],"_links":{"self":[{"href":"https:\/\/www.atassrl.it\/es\/wp-json\/wp\/v2\/product\/2836","targetHints":{"allow":["GET"]}}],"collection":[{"href":"https:\/\/www.atassrl.it\/es\/wp-json\/wp\/v2\/product"}],"about":[{"href":"https:\/\/www.atassrl.it\/es\/wp-json\/wp\/v2\/types\/product"}],"wp:featuredmedia":[{"embeddable":true,"href":"https:\/\/www.atassrl.it\/es\/wp-json\/wp\/v2\/media\/8672"}],"wp:attachment":[{"href":"https:\/\/www.atassrl.it\/es\/wp-json\/wp\/v2\/media?parent=2836"}],"wp:term":[{"taxonomy":"product_brand","embeddable":true,"href":"https:\/\/www.atassrl.it\/es\/wp-json\/wp\/v2\/product_brand?post=2836"},{"taxonomy":"product_cat","embeddable":true,"href":"https:\/\/www.atassrl.it\/es\/wp-json\/wp\/v2\/product_cat?post=2836"},{"taxonomy":"product_tag","embeddable":true,"href":"https:\/\/www.atassrl.it\/es\/wp-json\/wp\/v2\/product_tag?post=2836"}],"curies":[{"name":"wp","href":"https:\/\/api.w.org\/{rel}","templated":true}]}}