{"id":2842,"date":"2019-07-04T17:14:28","date_gmt":"2019-07-04T15:14:28","guid":{"rendered":"http:\/\/atas.devsrvr.net\/prodotto\/pluri\/"},"modified":"2022-07-04T10:24:04","modified_gmt":"2022-07-04T08:24:04","slug":"pluri","status":"publish","type":"product","link":"https:\/\/www.atassrl.it\/es\/prodotto\/pluri\/","title":{"rendered":"PLURI"},"content":{"rendered":"<div class=\"page\" title=\"Page 20\">\n<div class=\"layoutArea\">\n<div class=\"column\">\n<p style=\"font-weight: 400;\">Producto alcalino altamente concentrado indicado para la limpieza de superficies duras en general. Elimina r\u00e1pida y profundamente la suciedad, incluso si est\u00e1 incrustada. Eficaz sobre grasa, smog, holl\u00edn, residuos de aceite, lodos, marcas de marcador, etc. Diluible con agua en cualquier proporci\u00f3n, se utiliza en innumerables aplicaciones que van desde el sector industrial hasta el dom\u00e9stico y el hobby. Con bajo poder espumante, se aclara f\u00e1cilmente. Siga las instrucciones de uso indicadas en la etiqueta.<\/p>\n<\/div>\n<\/div>\n<\/div>\n","protected":false},"excerpt":{"rendered":"<div class=\"page\" title=\"Page 20\">\n<div class=\"layoutArea\">\n<div class=\"column\">\n<p style=\"font-weight: 400;\"><strong>DESENGRASANTE FUERTE MULTIUSOS<\/strong><\/p>\n<\/div>\n<\/div>\n<\/div>\n","protected":false},"featured_media":8280,"template":"","meta":{"_acf_changed":false,"_seopress_robots_primary_cat":"","_seopress_titles_title":"","_seopress_titles_desc":"","_seopress_robots_index":"","_seopress_analysis_target_kw":""},"product_brand":[],"product_cat":[186,842],"product_tag":[862],"class_list":{"0":"post-2842","1":"product","2":"type-product","3":"status-publish","4":"has-post-thumbnail","6":"product_cat-linea-atascar-es","7":"product_cat-productos-para-talleres-de-carroceria","8":"product_tag-cuidado-de-exteriores","10":"first","11":"instock","12":"shipping-taxable","13":"product-type-simple"},"acf":[],"_links":{"self":[{"href":"https:\/\/www.atassrl.it\/es\/wp-json\/wp\/v2\/product\/2842","targetHints":{"allow":["GET"]}}],"collection":[{"href":"https:\/\/www.atassrl.it\/es\/wp-json\/wp\/v2\/product"}],"about":[{"href":"https:\/\/www.atassrl.it\/es\/wp-json\/wp\/v2\/types\/product"}],"wp:featuredmedia":[{"embeddable":true,"href":"https:\/\/www.atassrl.it\/es\/wp-json\/wp\/v2\/media\/8280"}],"wp:attachment":[{"href":"https:\/\/www.atassrl.it\/es\/wp-json\/wp\/v2\/media?parent=2842"}],"wp:term":[{"taxonomy":"product_brand","embeddable":true,"href":"https:\/\/www.atassrl.it\/es\/wp-json\/wp\/v2\/product_brand?post=2842"},{"taxonomy":"product_cat","embeddable":true,"href":"https:\/\/www.atassrl.it\/es\/wp-json\/wp\/v2\/product_cat?post=2842"},{"taxonomy":"product_tag","embeddable":true,"href":"https:\/\/www.atassrl.it\/es\/wp-json\/wp\/v2\/product_tag?post=2842"}],"curies":[{"name":"wp","href":"https:\/\/api.w.org\/{rel}","templated":true}]}}