{"id":2851,"date":"2019-07-04T17:21:45","date_gmt":"2019-07-04T15:21:45","guid":{"rendered":"http:\/\/atas.devsrvr.net\/prodotto\/silfren\/"},"modified":"2022-07-04T09:55:54","modified_gmt":"2022-07-04T07:55:54","slug":"silfren","status":"publish","type":"product","link":"https:\/\/www.atassrl.it\/es\/prodotto\/silfren\/","title":{"rendered":"SILFREN"},"content":{"rendered":"<div class=\"page\" title=\"Page 21\">\n<div class=\"section\">\n<div class=\"layoutArea\">\n<div class=\"column\">\n<p style=\"font-weight: 400;\">Gracias a la boquilla especial de chorro largo, elimina r\u00e1pidamente las incrustaciones de aceite, lodos, l\u00edquido de frenos, polvo de pastillas, alquitr\u00e1n y oxidaci\u00f3n de cualquier tipo de sistema de frenado, sin operaciones de desmontaje. De secado r\u00e1pido, no deja residuos y tambi\u00e9n se puede utilizar para limpiar unidades de embrague.<\/p>\n<\/div>\n<\/div>\n<\/div>\n<\/div>\n","protected":false},"excerpt":{"rendered":"<div class=\"page\" title=\"Page 21\">\n<div class=\"section\">\n<div class=\"layoutArea\">\n<div class=\"column\">\n<div><b><span lang=\"ES\">LIMPIADOR DE FRENOS<\/span><\/b><\/div>\n<\/div>\n<\/div>\n<\/div>\n<\/div>\n","protected":false},"featured_media":8227,"template":"","meta":{"_acf_changed":false,"_seopress_robots_primary_cat":"","_seopress_titles_title":"","_seopress_titles_desc":"","_seopress_robots_index":"","_seopress_analysis_target_kw":""},"product_brand":[],"product_cat":[850,186,219],"product_tag":[880],"class_list":{"0":"post-2851","1":"product","2":"type-product","3":"status-publish","4":"has-post-thumbnail","6":"product_cat-desengrasante-de-piezas-mecanicas","7":"product_cat-linea-atascar-es","8":"product_cat-motocicletas-y-bicicletas","9":"product_tag-productos-tecnicos","11":"first","12":"instock","13":"shipping-taxable","14":"product-type-simple"},"acf":[],"_links":{"self":[{"href":"https:\/\/www.atassrl.it\/es\/wp-json\/wp\/v2\/product\/2851","targetHints":{"allow":["GET"]}}],"collection":[{"href":"https:\/\/www.atassrl.it\/es\/wp-json\/wp\/v2\/product"}],"about":[{"href":"https:\/\/www.atassrl.it\/es\/wp-json\/wp\/v2\/types\/product"}],"wp:featuredmedia":[{"embeddable":true,"href":"https:\/\/www.atassrl.it\/es\/wp-json\/wp\/v2\/media\/8227"}],"wp:attachment":[{"href":"https:\/\/www.atassrl.it\/es\/wp-json\/wp\/v2\/media?parent=2851"}],"wp:term":[{"taxonomy":"product_brand","embeddable":true,"href":"https:\/\/www.atassrl.it\/es\/wp-json\/wp\/v2\/product_brand?post=2851"},{"taxonomy":"product_cat","embeddable":true,"href":"https:\/\/www.atassrl.it\/es\/wp-json\/wp\/v2\/product_cat?post=2851"},{"taxonomy":"product_tag","embeddable":true,"href":"https:\/\/www.atassrl.it\/es\/wp-json\/wp\/v2\/product_tag?post=2851"}],"curies":[{"name":"wp","href":"https:\/\/api.w.org\/{rel}","templated":true}]}}