{"id":2863,"date":"2019-07-04T17:30:35","date_gmt":"2019-07-04T15:30:35","guid":{"rendered":"http:\/\/atas.devsrvr.net\/prodotto\/lusigen\/"},"modified":"2022-07-06T17:02:46","modified_gmt":"2022-07-06T15:02:46","slug":"lusigen","status":"publish","type":"product","link":"https:\/\/www.atassrl.it\/es\/prodotto\/lusigen\/","title":{"rendered":"LUSIGEN"},"content":{"rendered":"<div class=\"page\" title=\"Page 23\">\n<div class=\"section\">\n<div class=\"layoutArea\">\n<div class=\"column\">\n<p style=\"font-weight: 400;\">Excelente formulaci\u00f3n de amplio espectro de acci\u00f3n dise\u00f1ada para la higienizaci\u00f2n de superficies y ambientes en general, incluso en escuelas y centros de salud. Tambi\u00e9n ejerce una v\u00e1lida acci\u00f3n neutralizadora de los malos olores causados por microorganismos en cocinas, ba\u00f1os, camas de mascotas, humo, etc. Tambi\u00e9n est\u00e1 especialmente indicado para el tratamiento de aires acondicionados de autom\u00f3viles, oficinas y viviendas, a menudo fuente de situaciones de contaminaci\u00f3n.<\/p>\n<\/div>\n<\/div>\n<\/div>\n<\/div>\n","protected":false},"excerpt":{"rendered":"<div class=\"page\" title=\"Page 23\">\n<div class=\"section\">\n<div class=\"layoutArea\">\n<div class=\"column\">\n<div><b><span lang=\"ES\">HIGIENIZANTE PARA AIRE ACONDICIONADO Y AMBIENTES<\/span><\/b><\/div>\n<\/div>\n<\/div>\n<\/div>\n<\/div>\n","protected":false},"featured_media":8908,"template":"","meta":{"_acf_changed":false,"_seopress_robots_primary_cat":"","_seopress_titles_title":"","_seopress_titles_desc":"","_seopress_robots_index":"","_seopress_analysis_target_kw":""},"product_brand":[],"product_cat":[186],"product_tag":[],"class_list":{"0":"post-2863","1":"product","2":"type-product","3":"status-publish","4":"has-post-thumbnail","6":"product_cat-linea-atascar-es","8":"first","9":"instock","10":"shipping-taxable","11":"product-type-simple"},"acf":[],"_links":{"self":[{"href":"https:\/\/www.atassrl.it\/es\/wp-json\/wp\/v2\/product\/2863","targetHints":{"allow":["GET"]}}],"collection":[{"href":"https:\/\/www.atassrl.it\/es\/wp-json\/wp\/v2\/product"}],"about":[{"href":"https:\/\/www.atassrl.it\/es\/wp-json\/wp\/v2\/types\/product"}],"wp:featuredmedia":[{"embeddable":true,"href":"https:\/\/www.atassrl.it\/es\/wp-json\/wp\/v2\/media\/8908"}],"wp:attachment":[{"href":"https:\/\/www.atassrl.it\/es\/wp-json\/wp\/v2\/media?parent=2863"}],"wp:term":[{"taxonomy":"product_brand","embeddable":true,"href":"https:\/\/www.atassrl.it\/es\/wp-json\/wp\/v2\/product_brand?post=2863"},{"taxonomy":"product_cat","embeddable":true,"href":"https:\/\/www.atassrl.it\/es\/wp-json\/wp\/v2\/product_cat?post=2863"},{"taxonomy":"product_tag","embeddable":true,"href":"https:\/\/www.atassrl.it\/es\/wp-json\/wp\/v2\/product_tag?post=2863"}],"curies":[{"name":"wp","href":"https:\/\/api.w.org\/{rel}","templated":true}]}}